{"id":6,"date":"2010-12-22T19:16:56","date_gmt":"2010-12-22T18:16:56","guid":{"rendered":"http:\/\/www.kv-duedingen.ch\/web\/?page_id=6"},"modified":"2024-10-07T20:52:15","modified_gmt":"2024-10-07T19:52:15","slug":"portrait","status":"publish","type":"page","link":"https:\/\/www.kv-duedingen.ch\/web\/portrait\/","title":{"rendered":"Portrait KVD"},"content":{"rendered":"\n<h3 class=\"wp-block-heading\"><strong><span style=\"color: #3366ff; font-family: 'Trebuchet', sans-serif;\">\u00dcber den KV D\u00fcdingen<\/span><\/strong><\/h3>\n\n\n<div class=\"wp-block-image\">\n<figure class=\"alignleft\"><img decoding=\"async\" src=\"https:\/\/www.kv-duedingen.ch\/web\/wp-content\/uploads\/2010\/12\/skg.png\" alt=\"SKG Partner Logo\"\/><\/figure><\/div>\n\n\n<p><strong>Vereinsgeschichte<\/strong><br>Der Kynologische Verein D\u00fcdingen KVD wurde im Mai 1976 gegr\u00fcndet und ist seit 28. M\u00e4rz 1980 Mitglied der Schweizerischen Kynologischen Gesellschaft SKG.<\/p>\n\n\n\n<p><strong>Vereinsleben<\/strong><br>Obschon der KVD ein Hundeklub ist, steht der Mensch auch bei uns im Mittelpunkt. Menschen organisieren, helfen und beweisen mit unerm\u00fcdlichem Einsatz ihre N\u00e4he und Sympathie zum Verein.<br>Nat\u00fcrlich steht und f\u00e4llt das Vereinsleben mit den Mitgliedern. H\u00e4ufig bleibt ein Mitglied dem Verein treu, solange es noch Hundebesitzer ist. Trotzdem herrscht recht lebhaftes Kommen und Gehen.<br><strong>Der KVD ist offen f\u00fcr alle Interessierten \u2013 mit und ohne Hund.<\/strong><\/p>\n\n\n\n<p>Neue Mitglieder bringen neue Aspekte und neuen Schwung ins Vereinsleben. \u00c4ltere Mitglieder lernen Neues dazu. Der KVD ist flexibel. Trotzdem, ohne die langj\u00e4hrigen Mitglieder und deren pers\u00f6nliches, intensives Engagement im Verein w\u00fcrde es kaum gehen.<\/p>\n\n\n\n<p><strong>Mitgliederstruktur<\/strong><br>Klein aber fein &#8211; Zur Saison 2020 z\u00e4hlt unser Verein exakt 49 Mitglieder. Davon sind 3 Jugendmitglieder, 25 Einzelmitglieder, 8 Familienmitglieder, 12 Ehren \u2013 und Freimitglieder, sowie 1 Passivmitglied.<\/p>\n\n\n\n<div class=\"wp-block-image size-full wp-image-1698\"><figure class=\"wp-block-image\"><figure><figure><figure><img loading=\"lazy\" decoding=\"async\" width=\"261\" height=\"292\" src=\"https:\/\/www.kv-duedingen.ch\/web\/wp-content\/uploads\/2019\/12\/kantfreib.gif\" alt=\"Kantonsgebiet\" class=\"wp-image-1698\"><\/figure><\/figure><\/figure><figcaption>Die Mitglieder des KVD kommen teilweise von weit her und sind selbst \u00fcber die Kantonsgrenzen hinaus zu finden.<\/figcaption><\/figure><\/div>\n\n\n\n<p><strong>Ziel und Zweck<br><\/strong>Der KVD bietet interessierten Hundebesitzern ein breites Angebot an M\u00f6glichkeiten, ihr Wissen rund um den Hund zu erarbeiten, in Erziehungskursen sich und den Hund so weit zu bringen, dass Hunde in unserer Umgebung zu keiner Beanstandung Anlass geben.<\/p>\n\n\n\n<p>Nat\u00fcrlich haben wir auch Ziele und Vors\u00e4tze die wir vertreten und verfolgen.<br><strong>Bei uns werden prim\u00e4r Menschen ausgebildet, nicht nur die Hunde.<\/strong><\/p>\n\n\n\n<p><strong>Die Statuten<\/strong><br>Die Statuten des Kynologischen Vereins von D\u00fcdingen wurden per GV 2018 aktualisiert und im August 2018 durch den Zentralvorstand des SKG abgenommen und bewilligt.<br>Du findest die aktuellen Statuten&nbsp;<a href=\"https:\/\/www.kv-duedingen.ch\/web\/wp-content\/uploads\/2018\/11\/statuten18.pdf\" target=\"_blank\" rel=\"noopener noreferrer\"><strong>H\u2022I\u2022E\u2022R<\/strong><\/a> in einer PDF-Version zum Download.<\/p>\n\n\n<div class=\"wp-block-image\">\n<figure class=\"alignright\"><img decoding=\"async\" src=\"https:\/\/www.kv-duedingen.ch\/web\/wp-content\/uploads\/2010\/12\/logo_SKG.gif\" alt=\"\"\/><\/figure><\/div>\n\n\n<p><strong>Kontaktadresse <\/strong><\/p>\n\n\n\n<p>Kynologischer Verein D\u00fcdingen<br>Postfach 137<br>3186 D\u00fcdingen<\/p>\n\n\n\n<p>e-Mail <strong><a href=\"info@kv-duedingen.ch\" target=\"_blank\" rel=\"noreferrer noopener\">info@kv-duedingen.ch <\/a><\/strong><\/p>\n","protected":false},"excerpt":{"rendered":"<p>\u00dcber den KV D\u00fcdingen VereinsgeschichteDer Kynologische Verein D\u00fcdingen KVD wurde im Mai 1976 gegr\u00fcndet und ist seit 28. M\u00e4rz 1980 Mitglied der Schweizerischen Kynologischen Gesellschaft SKG. VereinslebenObschon der KVD ein Hundeklub ist, steht der Mensch auch bei uns im Mittelpunkt. &hellip; <a href=\"https:\/\/www.kv-duedingen.ch\/web\/portrait\/\">Weiterlesen <span class=\"meta-nav\">&rarr;<\/span><\/a><\/p>\n","protected":false},"author":237,"featured_media":0,"parent":0,"menu_order":5,"comment_status":"closed","ping_status":"closed","template":"","meta":{"footnotes":""},"class_list":["post-6","page","type-page","status-publish","hentry"],"_links":{"self":[{"href":"https:\/\/www.kv-duedingen.ch\/web\/wp-json\/wp\/v2\/pages\/6","targetHints":{"allow":["GET"]}}],"collection":[{"href":"https:\/\/www.kv-duedingen.ch\/web\/wp-json\/wp\/v2\/pages"}],"about":[{"href":"https:\/\/www.kv-duedingen.ch\/web\/wp-json\/wp\/v2\/types\/page"}],"author":[{"embeddable":true,"href":"https:\/\/www.kv-duedingen.ch\/web\/wp-json\/wp\/v2\/users\/237"}],"replies":[{"embeddable":true,"href":"https:\/\/www.kv-duedingen.ch\/web\/wp-json\/wp\/v2\/comments?post=6"}],"version-history":[{"count":32,"href":"https:\/\/www.kv-duedingen.ch\/web\/wp-json\/wp\/v2\/pages\/6\/revisions"}],"predecessor-version":[{"id":4121,"href":"https:\/\/www.kv-duedingen.ch\/web\/wp-json\/wp\/v2\/pages\/6\/revisions\/4121"}],"wp:attachment":[{"href":"https:\/\/www.kv-duedingen.ch\/web\/wp-json\/wp\/v2\/media?parent=6"}],"curies":[{"name":"wp","href":"https:\/\/api.w.org\/{rel}","templated":true}]}}