{"id":3076,"date":"2023-01-31T06:55:22","date_gmt":"2023-01-31T05:55:22","guid":{"rendered":"https:\/\/www.kv-duedingen.ch\/web\/?page_id=3076"},"modified":"2026-02-26T20:24:45","modified_gmt":"2026-02-26T19:24:45","slug":"vorstand","status":"publish","type":"page","link":"https:\/\/www.kv-duedingen.ch\/web\/vorstand\/","title":{"rendered":"Vorstand"},"content":{"rendered":"\n<p><\/p>\n\n\n\n<div class=\"wp-block-media-text alignwide is-stacked-on-mobile\"><figure class=\"wp-block-media-text__media\"><img loading=\"lazy\" decoding=\"async\" width=\"306\" height=\"371\" src=\"https:\/\/www.kv-duedingen.ch\/web\/wp-content\/uploads\/2024\/01\/WernerKasha.jpg\" alt=\"\" class=\"wp-image-3996 size-full\" srcset=\"https:\/\/www.kv-duedingen.ch\/web\/wp-content\/uploads\/2024\/01\/WernerKasha.jpg 306w, https:\/\/www.kv-duedingen.ch\/web\/wp-content\/uploads\/2024\/01\/WernerKasha-247x300.jpg 247w, https:\/\/www.kv-duedingen.ch\/web\/wp-content\/uploads\/2024\/01\/WernerKasha-124x150.jpg 124w\" sizes=\"auto, (max-width: 306px) 100vw, 306px\" \/><\/figure><div class=\"wp-block-media-text__content\">\n<p><strong>Pr\u00e4sident<br><\/strong>Werner Gander<br>079 286 44 29<br><a rel=\"noreferrer noopener\" href=\"mailto:werner.gander@rega-sense.ch\" target=\"_blank\">werner.gander@rega-sense.ch<\/a><\/p>\n<\/div><\/div>\n\n\n\n<div class=\"wp-block-media-text alignwide is-stacked-on-mobile\"><figure class=\"wp-block-media-text__media\"><img loading=\"lazy\" decoding=\"async\" width=\"430\" height=\"307\" src=\"https:\/\/www.kv-duedingen.ch\/web\/wp-content\/uploads\/2023\/02\/Michael_75-1.jpg\" alt=\"\" class=\"wp-image-3114 size-full\" srcset=\"https:\/\/www.kv-duedingen.ch\/web\/wp-content\/uploads\/2023\/02\/Michael_75-1.jpg 430w, https:\/\/www.kv-duedingen.ch\/web\/wp-content\/uploads\/2023\/02\/Michael_75-1-300x214.jpg 300w, https:\/\/www.kv-duedingen.ch\/web\/wp-content\/uploads\/2023\/02\/Michael_75-1-150x107.jpg 150w\" sizes=\"auto, (max-width: 430px) 100vw, 430px\" \/><\/figure><div class=\"wp-block-media-text__content\">\n<p><strong><strong>Vizepr\u00e4sident<br><\/strong><\/strong>Michael von Niederh\u00e4usern<br>079 673 77 85<strong><br><\/strong><a href=\"mailto:mikevn@gmx.net\" target=\"_blank\" rel=\"noreferrer noopener\">mikevn@gmx.net<\/a><\/p>\n<\/div><\/div>\n\n\n\n<div class=\"wp-block-media-text alignwide is-stacked-on-mobile\"><figure class=\"wp-block-media-text__media\"><img loading=\"lazy\" decoding=\"async\" width=\"768\" height=\"1024\" src=\"https:\/\/www.kv-duedingen.ch\/web\/wp-content\/uploads\/2024\/12\/Gaby-768x1024.png\" alt=\"\" class=\"wp-image-4155 size-full\" srcset=\"https:\/\/www.kv-duedingen.ch\/web\/wp-content\/uploads\/2024\/12\/Gaby-768x1023.png 768w, https:\/\/www.kv-duedingen.ch\/web\/wp-content\/uploads\/2024\/12\/Gaby-225x300.png 225w, https:\/\/www.kv-duedingen.ch\/web\/wp-content\/uploads\/2024\/12\/Gaby-113x150.png 113w, https:\/\/www.kv-duedingen.ch\/web\/wp-content\/uploads\/2024\/12\/Gaby-1153x1536.png 1153w, https:\/\/www.kv-duedingen.ch\/web\/wp-content\/uploads\/2024\/12\/Gaby.png 1200w\" sizes=\"auto, (max-width: 768px) 100vw, 768px\" \/><\/figure><div class=\"wp-block-media-text__content\">\n<p><strong><strong>Sekretariat<br><\/strong><\/strong>Gaby Lehmann<br>079 481 37 89<br><a href=\"mailto:lehmanng@bluewin.ch\" target=\"_blank\" rel=\"noreferrer noopener\">lehmanng@bluewin.ch<\/a><\/p>\n<\/div><\/div>\n\n\n\n<div class=\"wp-block-media-text alignwide is-stacked-on-mobile\"><figure class=\"wp-block-media-text__media\"><img loading=\"lazy\" decoding=\"async\" width=\"974\" height=\"695\" src=\"https:\/\/www.kv-duedingen.ch\/web\/wp-content\/uploads\/2023\/02\/Carine_75-2.jpg\" alt=\"\" class=\"wp-image-3115 size-full\" srcset=\"https:\/\/www.kv-duedingen.ch\/web\/wp-content\/uploads\/2023\/02\/Carine_75-2.jpg 974w, https:\/\/www.kv-duedingen.ch\/web\/wp-content\/uploads\/2023\/02\/Carine_75-2-300x214.jpg 300w, https:\/\/www.kv-duedingen.ch\/web\/wp-content\/uploads\/2023\/02\/Carine_75-2-150x107.jpg 150w, https:\/\/www.kv-duedingen.ch\/web\/wp-content\/uploads\/2023\/02\/Carine_75-2-768x548.jpg 768w\" sizes=\"auto, (max-width: 974px) 100vw, 974px\" \/><\/figure><div class=\"wp-block-media-text__content\">\n<p><strong><strong>Techn. Leitung<br><\/strong><\/strong>Carine Spicher<br>079 748 71 00<strong><br><\/strong><a href=\"mailto:carine.spicher@hotmail.com\">carine.spicher@hotmail.com<\/a><\/p>\n<\/div><\/div>\n\n\n\n<div class=\"wp-block-media-text alignwide is-stacked-on-mobile\"><figure class=\"wp-block-media-text__media\"><img loading=\"lazy\" decoding=\"async\" width=\"352\" height=\"345\" src=\"https:\/\/www.kv-duedingen.ch\/web\/wp-content\/uploads\/2023\/09\/Melanie.jpg\" alt=\"\" class=\"wp-image-3773 size-full\" srcset=\"https:\/\/www.kv-duedingen.ch\/web\/wp-content\/uploads\/2023\/09\/Melanie.jpg 352w, https:\/\/www.kv-duedingen.ch\/web\/wp-content\/uploads\/2023\/09\/Melanie-300x294.jpg 300w, https:\/\/www.kv-duedingen.ch\/web\/wp-content\/uploads\/2023\/09\/Melanie-150x147.jpg 150w\" sizes=\"auto, (max-width: 352px) 100vw, 352px\" \/><\/figure><div class=\"wp-block-media-text__content\">\n<p><strong><strong>Kassierin<br><\/strong><\/strong>Melanie Hall<br>078 812 34 84<br><a href=\"mailto:dorisfuerholz@bluewin.ch\">melanie.hall@bluewin.ch<\/a><\/p>\n<\/div><\/div>\n\n\n\n<div class=\"wp-block-media-text alignwide is-stacked-on-mobile\"><figure class=\"wp-block-media-text__media\"><img loading=\"lazy\" decoding=\"async\" width=\"1024\" height=\"683\" src=\"https:\/\/www.kv-duedingen.ch\/web\/wp-content\/uploads\/2023\/03\/Barbara-1024x683.jpg\" alt=\"\" class=\"wp-image-3207 size-full\" srcset=\"https:\/\/www.kv-duedingen.ch\/web\/wp-content\/uploads\/2023\/03\/Barbara-1024x683.jpg 1024w, https:\/\/www.kv-duedingen.ch\/web\/wp-content\/uploads\/2023\/03\/Barbara-300x200.jpg 300w, https:\/\/www.kv-duedingen.ch\/web\/wp-content\/uploads\/2023\/03\/Barbara-150x100.jpg 150w, https:\/\/www.kv-duedingen.ch\/web\/wp-content\/uploads\/2023\/03\/Barbara-768x512.jpg 768w, https:\/\/www.kv-duedingen.ch\/web\/wp-content\/uploads\/2023\/03\/Barbara-1536x1024.jpg 1536w, https:\/\/www.kv-duedingen.ch\/web\/wp-content\/uploads\/2023\/03\/Barbara-2048x1365.jpg 2048w\" sizes=\"auto, (max-width: 1024px) 100vw, 1024px\" \/><\/figure><div class=\"wp-block-media-text__content\">\n<p><strong><strong>Beisitzerin<br><\/strong><\/strong>Barbara Schafer<br>026 418 26 85 oder 079 674 37 79<br><a href=\"mailto:barbara.schafer@bluewin.ch\">barbara.schafer@bluewin.ch<\/a><\/p>\n<\/div><\/div>\n","protected":false},"excerpt":{"rendered":"<p>Pr\u00e4sidentWerner Gander079 286 44 29werner.gander@rega-sense.ch Vizepr\u00e4sidentMichael von Niederh\u00e4usern079 673 77 85mikevn@gmx.net SekretariatGaby Lehmann079 481 37 89lehmanng@bluewin.ch Techn. LeitungCarine Spicher079 748 71 00carine.spicher@hotmail.com KassierinMelanie Hall078 812 34 84melanie.hall@bluewin.ch BeisitzerinBarbara Schafer026 418 26 85 oder 079 674 37 79barbara.schafer@bluewin.ch<\/p>\n","protected":false},"author":237,"featured_media":0,"parent":0,"menu_order":0,"comment_status":"closed","ping_status":"closed","template":"","meta":{"footnotes":""},"class_list":["post-3076","page","type-page","status-publish","hentry"],"_links":{"self":[{"href":"https:\/\/www.kv-duedingen.ch\/web\/wp-json\/wp\/v2\/pages\/3076","targetHints":{"allow":["GET"]}}],"collection":[{"href":"https:\/\/www.kv-duedingen.ch\/web\/wp-json\/wp\/v2\/pages"}],"about":[{"href":"https:\/\/www.kv-duedingen.ch\/web\/wp-json\/wp\/v2\/types\/page"}],"author":[{"embeddable":true,"href":"https:\/\/www.kv-duedingen.ch\/web\/wp-json\/wp\/v2\/users\/237"}],"replies":[{"embeddable":true,"href":"https:\/\/www.kv-duedingen.ch\/web\/wp-json\/wp\/v2\/comments?post=3076"}],"version-history":[{"count":20,"href":"https:\/\/www.kv-duedingen.ch\/web\/wp-json\/wp\/v2\/pages\/3076\/revisions"}],"predecessor-version":[{"id":4318,"href":"https:\/\/www.kv-duedingen.ch\/web\/wp-json\/wp\/v2\/pages\/3076\/revisions\/4318"}],"wp:attachment":[{"href":"https:\/\/www.kv-duedingen.ch\/web\/wp-json\/wp\/v2\/media?parent=3076"}],"curies":[{"name":"wp","href":"https:\/\/api.w.org\/{rel}","templated":true}]}}