{"id":2339,"date":"2020-12-19T09:04:59","date_gmt":"2020-12-19T08:04:59","guid":{"rendered":"http:\/\/www.kv-duedingen.ch\/web\/?page_id=2339"},"modified":"2023-08-12T06:36:15","modified_gmt":"2023-08-12T05:36:15","slug":"wandervorschlaege","status":"publish","type":"page","link":"https:\/\/www.kv-duedingen.ch\/web\/wandervorschlaege\/","title":{"rendered":"Wandervorschl\u00e4ge"},"content":{"rendered":"\n<h2 class=\"wp-block-heading\">in der Region<\/h2>\n\n\n\n<p>An dieser Stelle m\u00f6chten wir im Sinne einer Service-Leistung Vorschl\u00e4ge f\u00fcr ausgedehnte Spazierg\u00e4nge mit dem vierbeinigen Freund vorstellen.<br>Bitte mach mit und melde deine beliebtesten Wanderungen direkt an <a href=\"mailto:kvduedingen.andrea.zeller@gmail.com\" target=\"_blank\" rel=\"noreferrer noopener\">kvduedingen.andrea.zeller@gmail.com<\/a>.<\/p>\n\n\n\n<p><strong><a rel=\"noreferrer noopener\" href=\"https:\/\/www.kv-duedingen.ch\/web\/?page_id=183\" target=\"_blank\">Vorschlag 1: ARA D\u00fcdingen<br><\/a><a href=\"https:\/\/www.kv-duedingen.ch\/web\/?page_id=189\" target=\"_blank\" rel=\"noreferrer noopener\"> Vorschlag 2: Schiffenen<\/a><br><a rel=\"noreferrer noopener\" href=\"https:\/\/www.kv-duedingen.ch\/web\/?page_id=192\" target=\"_blank\"> Vorschlag 3: Farneraholz<\/a><\/strong><\/p>\n","protected":false},"excerpt":{"rendered":"<p>in der Region An dieser Stelle m\u00f6chten wir im Sinne einer Service-Leistung Vorschl\u00e4ge f\u00fcr ausgedehnte Spazierg\u00e4nge mit dem vierbeinigen Freund vorstellen.Bitte mach mit und melde deine beliebtesten Wanderungen direkt an kvduedingen.andrea.zeller@gmail.com. Vorschlag 1: ARA D\u00fcdingen Vorschlag 2: Schiffenen Vorschlag 3: &hellip; <a href=\"https:\/\/www.kv-duedingen.ch\/web\/wandervorschlaege\/\">Weiterlesen <span class=\"meta-nav\">&rarr;<\/span><\/a><\/p>\n","protected":false},"author":237,"featured_media":0,"parent":0,"menu_order":7,"comment_status":"closed","ping_status":"closed","template":"","meta":{"footnotes":""},"class_list":["post-2339","page","type-page","status-publish","hentry"],"_links":{"self":[{"href":"https:\/\/www.kv-duedingen.ch\/web\/wp-json\/wp\/v2\/pages\/2339","targetHints":{"allow":["GET"]}}],"collection":[{"href":"https:\/\/www.kv-duedingen.ch\/web\/wp-json\/wp\/v2\/pages"}],"about":[{"href":"https:\/\/www.kv-duedingen.ch\/web\/wp-json\/wp\/v2\/types\/page"}],"author":[{"embeddable":true,"href":"https:\/\/www.kv-duedingen.ch\/web\/wp-json\/wp\/v2\/users\/237"}],"replies":[{"embeddable":true,"href":"https:\/\/www.kv-duedingen.ch\/web\/wp-json\/wp\/v2\/comments?post=2339"}],"version-history":[{"count":10,"href":"https:\/\/www.kv-duedingen.ch\/web\/wp-json\/wp\/v2\/pages\/2339\/revisions"}],"predecessor-version":[{"id":3731,"href":"https:\/\/www.kv-duedingen.ch\/web\/wp-json\/wp\/v2\/pages\/2339\/revisions\/3731"}],"wp:attachment":[{"href":"https:\/\/www.kv-duedingen.ch\/web\/wp-json\/wp\/v2\/media?parent=2339"}],"curies":[{"name":"wp","href":"https:\/\/api.w.org\/{rel}","templated":true}]}}