{"id":21,"date":"2010-12-22T19:19:49","date_gmt":"2010-12-22T18:19:49","guid":{"rendered":"http:\/\/www.kv-duedingen.ch\/web\/?page_id=21"},"modified":"2023-03-12T17:11:43","modified_gmt":"2023-03-12T16:11:43","slug":"service","status":"publish","type":"page","link":"https:\/\/www.kv-duedingen.ch\/web\/service\/","title":{"rendered":"Service"},"content":{"rendered":"<p>In dieser Sparte findest du alles, was dir n\u00fctzlich sein kann.<br \/>Bl\u00e4ttere einfach durch&#8230;!<\/p>\n\n\n<p><a href=\"https:\/\/www.kv-duedingen.ch\/web\/?page_id=153\" target=\"_blank\" rel=\"noreferrer noopener\">Wichtige Kontakte<\/a><\/p>\n\n\n\n<p><a href=\"https:\/\/www.kv-duedingen.ch\/web\/?page_id=168\" target=\"_blank\" rel=\"noreferrer noopener\">Diverse Downloads des KV D\u00fcdingen<\/a><\/p>\n\n\n\n<p><a href=\"https:\/\/www.kv-duedingen.ch\/web\/?page_id=162\" target=\"_blank\" rel=\"noreferrer noopener\">Paragraphen-Dschungel<\/a><\/p>\n\n\n\n<p><a href=\"https:\/\/www.kv-duedingen.ch\/web\/?page_id=1804\" target=\"_blank\" rel=\"noreferrer noopener\">Sonderdrucke der SKG und Brosch\u00fcren des BVET etc.<\/a><\/p>\n","protected":false},"excerpt":{"rendered":"<p>In dieser Sparte findest du alles, was dir n\u00fctzlich sein kann.Bl\u00e4ttere einfach durch&#8230;! Wichtige Kontakte Diverse Downloads des KV D\u00fcdingen Paragraphen-Dschungel Sonderdrucke der SKG und Brosch\u00fcren des BVET etc.<\/p>\n","protected":false},"author":237,"featured_media":0,"parent":0,"menu_order":6,"comment_status":"closed","ping_status":"closed","template":"","meta":{"footnotes":""},"class_list":["post-21","page","type-page","status-publish","hentry"],"_links":{"self":[{"href":"https:\/\/www.kv-duedingen.ch\/web\/wp-json\/wp\/v2\/pages\/21","targetHints":{"allow":["GET"]}}],"collection":[{"href":"https:\/\/www.kv-duedingen.ch\/web\/wp-json\/wp\/v2\/pages"}],"about":[{"href":"https:\/\/www.kv-duedingen.ch\/web\/wp-json\/wp\/v2\/types\/page"}],"author":[{"embeddable":true,"href":"https:\/\/www.kv-duedingen.ch\/web\/wp-json\/wp\/v2\/users\/237"}],"replies":[{"embeddable":true,"href":"https:\/\/www.kv-duedingen.ch\/web\/wp-json\/wp\/v2\/comments?post=21"}],"version-history":[{"count":12,"href":"https:\/\/www.kv-duedingen.ch\/web\/wp-json\/wp\/v2\/pages\/21\/revisions"}],"predecessor-version":[{"id":3444,"href":"https:\/\/www.kv-duedingen.ch\/web\/wp-json\/wp\/v2\/pages\/21\/revisions\/3444"}],"wp:attachment":[{"href":"https:\/\/www.kv-duedingen.ch\/web\/wp-json\/wp\/v2\/media?parent=21"}],"curies":[{"name":"wp","href":"https:\/\/api.w.org\/{rel}","templated":true}]}}