{"id":1900,"date":"2020-03-22T16:05:44","date_gmt":"2020-03-22T15:05:44","guid":{"rendered":"http:\/\/www.kv-duedingen.ch\/web\/?page_id=1900"},"modified":"2023-02-28T11:50:19","modified_gmt":"2023-02-28T10:50:19","slug":"informationen","status":"publish","type":"page","link":"https:\/\/www.kv-duedingen.ch\/web\/interessantes-gewesenes\/informationen\/","title":{"rendered":"Informationen"},"content":{"rendered":"\n<h3 class=\"wp-block-heading\"><strong> Wissenswertes im Kampf gegen Zecken <\/strong><\/h3>\n\n\n<div class=\"wp-block-image\">\n<figure class=\"aligncenter\"><a href=\"http:\/\/www.zentrum-der-gesundheit.de\/borreliose.html\" target=\"_blank\" rel=\"noreferrer noopener\"><img loading=\"lazy\" decoding=\"async\" width=\"584\" height=\"370\" src=\"https:\/\/www.kv-duedingen.ch\/web\/wp-content\/uploads\/2014\/05\/zecken.gif\" alt=\"\" class=\"wp-image-779\" srcset=\"https:\/\/www.kv-duedingen.ch\/web\/wp-content\/uploads\/2014\/05\/zecken.gif 584w, https:\/\/www.kv-duedingen.ch\/web\/wp-content\/uploads\/2014\/05\/zecken-300x190.gif 300w\" sizes=\"auto, (max-width: 584px) 100vw, 584px\" \/><\/a><\/figure><\/div>\n\n\n<hr class=\"wp-block-separator has-css-opacity is-style-wide\"\/>\n\n\n\n<h3 class=\"wp-block-heading\"><strong>Stressige Begegnungen vermeiden<\/strong><\/h3>\n\n\n\n<p>Wildtiere fl\u00fcchten, wenn Menschen \u00fcberraschend in ihrem Lebensraum auftauchen oder sich ihnen zu stark n\u00e4hern. Eine Flucht bedeutet Stress und zehrt stark an den Kr\u00e4ften. Insbesondere in der Schonzeit und im Winter ist dies ein ernst zu nehmendes Problem. In den Bergen G\u00e4msen, Steinb\u00f6cke und Hirsche, im Flachland insbesondere Rehe, aber auch Wildh\u00fchner, Hasen und F\u00fcchse, leiden unter unn\u00f6tiger Hektik, welche sie sehr viel Energie kostet. Widerholte St\u00f6rung schw\u00e4cht diese Tiere, wie man leicht nachvollziehen kann. Mit dem Risiko, dass ihr Fortpflanzungserfolg (stark) reduziert wird. Im Winter kann es sogar lebensgef\u00e4hrlich werden.<\/p>\n\n\n\n<div class=\"wp-block-media-text alignwide is-stacked-on-mobile\"><figure class=\"wp-block-media-text__media\"><img loading=\"lazy\" decoding=\"async\" width=\"435\" height=\"384\" src=\"https:\/\/www.kv-duedingen.ch\/web\/wp-content\/uploads\/2014\/03\/flight.gif\" alt=\"\" class=\"wp-image-745 size-full\" srcset=\"https:\/\/www.kv-duedingen.ch\/web\/wp-content\/uploads\/2014\/03\/flight.gif 435w, https:\/\/www.kv-duedingen.ch\/web\/wp-content\/uploads\/2014\/03\/flight-300x264.gif 300w\" sizes=\"auto, (max-width: 435px) 100vw, 435px\" \/><\/figure><div class=\"wp-block-media-text__content\">\n<p><strong>Halte dich bitte genau darum an diese Regeln:<\/strong><br>1) Schonzeit und Wildruhezonen <br>     ber\u00fccksichtigen.<br>2) Im Wald auf Wegen und <br>     bezeichneten Routen bleiben.<br>3) Waldr\u00e4nder meiden.<br>4) Hunde sind ganz besonders im Wald<br>     an der Leine zu f\u00fchren.<\/p>\n<\/div><\/div>\n\n\n\n<h3 class=\"wp-block-heading\"><strong>Jeton Waschautomat f\u00fcr Hunde<\/strong><\/h3>\n\n\n\n<div class=\"wp-block-media-text alignwide is-stacked-on-mobile\"><figure class=\"wp-block-media-text__media\"><img loading=\"lazy\" decoding=\"async\" width=\"456\" height=\"358\" src=\"https:\/\/www.kv-duedingen.ch\/web\/wp-content\/uploads\/2011\/04\/jetonwash.jpg\" alt=\"\" class=\"wp-image-253 size-full\" srcset=\"https:\/\/www.kv-duedingen.ch\/web\/wp-content\/uploads\/2011\/04\/jetonwash.jpg 456w, https:\/\/www.kv-duedingen.ch\/web\/wp-content\/uploads\/2011\/04\/jetonwash-300x235.jpg 300w\" sizes=\"auto, (max-width: 456px) 100vw, 456px\" \/><\/figure><div class=\"wp-block-media-text__content\">\n<p>Was es nicht alles gibt&#8230;<br>Mitglied Guido Binz schickt uns vom Campingplatz KOA &#8222;Circus Circus Hotel Las Vegas&#8220; dieses Bild vom Jeton Waschautomat f\u00fcr Hunde. Bestimmt k\u00f6nnen wir das in einigen Jahren auch bei uns vermehrt antreffen. Erste Maschinen sollen auch hierzulande bereits in Betrieb sein.<\/p>\n<\/div><\/div>\n\n\n\n<p> <\/p>\n","protected":false},"excerpt":{"rendered":"<p>Wissenswertes im Kampf gegen Zecken Stressige Begegnungen vermeiden Wildtiere fl\u00fcchten, wenn Menschen \u00fcberraschend in ihrem Lebensraum auftauchen oder sich ihnen zu stark n\u00e4hern. Eine Flucht bedeutet Stress und zehrt stark an den Kr\u00e4ften. Insbesondere in der Schonzeit und im Winter &hellip; <a href=\"https:\/\/www.kv-duedingen.ch\/web\/interessantes-gewesenes\/informationen\/\">Weiterlesen <span class=\"meta-nav\">&rarr;<\/span><\/a><\/p>\n","protected":false},"author":237,"featured_media":0,"parent":1898,"menu_order":0,"comment_status":"closed","ping_status":"closed","template":"","meta":{"footnotes":""},"class_list":["post-1900","page","type-page","status-publish","hentry"],"_links":{"self":[{"href":"https:\/\/www.kv-duedingen.ch\/web\/wp-json\/wp\/v2\/pages\/1900","targetHints":{"allow":["GET"]}}],"collection":[{"href":"https:\/\/www.kv-duedingen.ch\/web\/wp-json\/wp\/v2\/pages"}],"about":[{"href":"https:\/\/www.kv-duedingen.ch\/web\/wp-json\/wp\/v2\/types\/page"}],"author":[{"embeddable":true,"href":"https:\/\/www.kv-duedingen.ch\/web\/wp-json\/wp\/v2\/users\/237"}],"replies":[{"embeddable":true,"href":"https:\/\/www.kv-duedingen.ch\/web\/wp-json\/wp\/v2\/comments?post=1900"}],"version-history":[{"count":10,"href":"https:\/\/www.kv-duedingen.ch\/web\/wp-json\/wp\/v2\/pages\/1900\/revisions"}],"predecessor-version":[{"id":3187,"href":"https:\/\/www.kv-duedingen.ch\/web\/wp-json\/wp\/v2\/pages\/1900\/revisions\/3187"}],"up":[{"embeddable":true,"href":"https:\/\/www.kv-duedingen.ch\/web\/wp-json\/wp\/v2\/pages\/1898"}],"wp:attachment":[{"href":"https:\/\/www.kv-duedingen.ch\/web\/wp-json\/wp\/v2\/media?parent=1900"}],"curies":[{"name":"wp","href":"https:\/\/api.w.org\/{rel}","templated":true}]}}