{"id":189,"date":"2020-12-19T08:00:02","date_gmt":"2020-12-19T07:00:02","guid":{"rendered":"http:\/\/www.kv-duedingen.ch\/web\/?page_id=189"},"modified":"2023-02-28T11:44:09","modified_gmt":"2023-02-28T10:44:09","slug":"schiffenen","status":"publish","type":"page","link":"https:\/\/www.kv-duedingen.ch\/web\/wandervorschlaege\/schiffenen\/","title":{"rendered":"Schiffenen"},"content":{"rendered":"\n<p><strong>Charakteristik:<br><\/strong>&#8211; Strecke gelegentlich sumpfig, gute Schuhe n\u00f6tig<br>&#8211; circa 60 bis 70 Minuten<br>&#8211; viel Freilauf f\u00fcr den gut erzogenen Hund<\/p>\n\n\n<div class=\"wp-block-image is-style-default\">\n<figure class=\"alignleft\"><a href=\"https:\/\/www.kv-duedingen.ch\/web\/wp-content\/uploads\/2011\/02\/karte_schiffenen.jpg\"><img loading=\"lazy\" decoding=\"async\" width=\"726\" height=\"291\" src=\"https:\/\/www.kv-duedingen.ch\/web\/wp-content\/uploads\/2011\/02\/karte_schiffenen.jpg\" alt=\"\" class=\"wp-image-190\" title=\"Karte Schiffenen\" srcset=\"https:\/\/www.kv-duedingen.ch\/web\/wp-content\/uploads\/2011\/02\/karte_schiffenen.jpg 726w, https:\/\/www.kv-duedingen.ch\/web\/wp-content\/uploads\/2011\/02\/karte_schiffenen-300x120.jpg 300w\" sizes=\"auto, (max-width: 726px) 100vw, 726px\" \/><\/a><\/figure><\/div>\n\n\n<p><strong>Beschreibung:<\/strong><br>Entlang der Saane vom Staudamm Schiffenen abw\u00e4rts f\u00fchrt eine wundervolle Wanderroute. Einstiegsm\u00f6glichkeiten sind unterhalb des Staudammes oder in Auried gegeben.<br>Anfahrt mit dem Auto von D\u00fcdingen her kommend nach dem Staudamm rechts abzweigen. Unten ist ein Naturparkplatz f\u00fcr mindestens zehn Autos. Von dort kann man auf der linken oder rechten Seite der Saane entlang wandern. Im Auried f\u00fchrt eine Br\u00fccke \u00fcber \u00fcber die Schlucht, das Gegenst\u00fcck von der Br\u00fccke in Schiffenen.<br>Wer l\u00e4nger marschieren m\u00f6chte, kann auf der rechten Seite bis nach Laupen gelangen. Und von dort weiter Richtung G\u00fcmmenen oder Neuenegg.<\/p>\n\n\n\n<p>Der gut abrufbare Hund kann hier frei laufen. <br><strong>Vorsicht <\/strong>ist im <strong>Auried <\/strong>geboten. Dort ist <strong>Naturschutzgebiet<\/strong>.<\/p>\n\n\n\n<p>Tourenvorschlag von Claudia Pulver<\/p>\n","protected":false},"excerpt":{"rendered":"<p>Charakteristik:&#8211; Strecke gelegentlich sumpfig, gute Schuhe n\u00f6tig&#8211; circa 60 bis 70 Minuten&#8211; viel Freilauf f\u00fcr den gut erzogenen Hund Beschreibung:Entlang der Saane vom Staudamm Schiffenen abw\u00e4rts f\u00fchrt eine wundervolle Wanderroute. Einstiegsm\u00f6glichkeiten sind unterhalb des Staudammes oder in Auried gegeben.Anfahrt mit &hellip; <a href=\"https:\/\/www.kv-duedingen.ch\/web\/wandervorschlaege\/schiffenen\/\">Weiterlesen <span class=\"meta-nav\">&rarr;<\/span><\/a><\/p>\n","protected":false},"author":237,"featured_media":0,"parent":2339,"menu_order":0,"comment_status":"closed","ping_status":"closed","template":"","meta":{"footnotes":""},"class_list":["post-189","page","type-page","status-publish","hentry"],"_links":{"self":[{"href":"https:\/\/www.kv-duedingen.ch\/web\/wp-json\/wp\/v2\/pages\/189","targetHints":{"allow":["GET"]}}],"collection":[{"href":"https:\/\/www.kv-duedingen.ch\/web\/wp-json\/wp\/v2\/pages"}],"about":[{"href":"https:\/\/www.kv-duedingen.ch\/web\/wp-json\/wp\/v2\/types\/page"}],"author":[{"embeddable":true,"href":"https:\/\/www.kv-duedingen.ch\/web\/wp-json\/wp\/v2\/users\/237"}],"replies":[{"embeddable":true,"href":"https:\/\/www.kv-duedingen.ch\/web\/wp-json\/wp\/v2\/comments?post=189"}],"version-history":[{"count":9,"href":"https:\/\/www.kv-duedingen.ch\/web\/wp-json\/wp\/v2\/pages\/189\/revisions"}],"predecessor-version":[{"id":3183,"href":"https:\/\/www.kv-duedingen.ch\/web\/wp-json\/wp\/v2\/pages\/189\/revisions\/3183"}],"up":[{"embeddable":true,"href":"https:\/\/www.kv-duedingen.ch\/web\/wp-json\/wp\/v2\/pages\/2339"}],"wp:attachment":[{"href":"https:\/\/www.kv-duedingen.ch\/web\/wp-json\/wp\/v2\/media?parent=189"}],"curies":[{"name":"wp","href":"https:\/\/api.w.org\/{rel}","templated":true}]}}