{"id":183,"date":"2020-12-19T08:00:58","date_gmt":"2020-12-19T07:00:58","guid":{"rendered":"http:\/\/www.kv-duedingen.ch\/web\/?page_id=183"},"modified":"2021-01-12T20:25:47","modified_gmt":"2021-01-12T19:25:47","slug":"ara-dudingen","status":"publish","type":"page","link":"https:\/\/www.kv-duedingen.ch\/web\/wandervorschlaege\/ara-dudingen\/","title":{"rendered":"ARA D\u00fcdingen"},"content":{"rendered":"\n<p><strong>Charakteristik:<br><\/strong>&#8211; Sonntags-Spaziergang, Halbschuhe gen\u00fcgen<br>&#8211; cirka 60 bis 70 Minuten<br>&#8211; viel Freilauf f\u00fcr den Hund<\/p>\n\n\n\n<div class=\"wp-block-image is-style-default\"><figure class=\"alignleft\"><img loading=\"lazy\" decoding=\"async\" width=\"624\" height=\"419\" src=\"https:\/\/www.kv-duedingen.ch\/web\/wp-content\/uploads\/2011\/02\/karte_ara.jpg\" alt=\"\" class=\"wp-image-184\" title=\"Karte ARA\" srcset=\"https:\/\/www.kv-duedingen.ch\/web\/wp-content\/uploads\/2011\/02\/karte_ara.jpg 624w, https:\/\/www.kv-duedingen.ch\/web\/wp-content\/uploads\/2011\/02\/karte_ara-300x201.jpg 300w\" sizes=\"auto, (max-width: 624px) 100vw, 624px\" \/><\/figure><\/div>\n\n\n\n<p><br><br><br><br><br><br><br><br><br><br><br><br><br><br><br><br><br><br><strong>Beschreibung:<\/strong><br>Im Gebiet der alten ARA gibt es verschiedene Gelegenheiten f\u00fcr angenehme, ausgedehnte Spazierg\u00e4nge.<br>Vom Dorf her gibt es zwei\u00a0Einstiegsm\u00f6glichkeiten<br>&#8211; unterhalb Hotel Central<br>&#8211; oberhalb Hotel Central<\/p>\n\n\n\n<p>Mein Favorit ist der Einstieg oberhalb. Dort kommt man rasch in bewaldetes Gebiet, wo man den Hund frei laufen lassen kann.<\/p>\n\n\n\n<p>Geh dort immer geradeaus, bis du frontal auf ein Haus st\u00f6sst. Spitzkehre. Den schmalen Waldpfad hinunter. Erneute Spitzkehre. Dann geht&#8217;s eigentlich immer gerade aus. (Mit Kurven, klar).<br>Vorbei am KVD-\u00dcbungsplatz II, unter der Autobahn hindurch, durch den Familiengarten, vorbei an der alten ARA (heute Sammelbecken). Jetzt linker Hand den Wald hinunter (rechts ist Quartierstrasse, die in der Verl\u00e4ngerung ins Dorf zur\u00fcck f\u00fchrt).<\/p>\n\n\n\n<p>Geh hier weiter, bis du an den See gelangst.<br>Ich gehe eigentlich meist den selben Weg zur\u00fcck. Man kann aber auch im Wald drin \u00fcber einen kleinen Steg auf die andere Seite des Baches gelangen und von dort weiter Richtung Ottisberg oder in entgegengesetzter Richtung eine Kuhweide traversierend zur\u00fcck. Auf dieser Seite des Baches sind Trekkingschuhe aber nicht &#8222;over-dressed&#8220;.<\/p>\n\n\n\n<p>Tourenvorschlag von Marco Perroulaz<\/p>\n","protected":false},"excerpt":{"rendered":"<p>Charakteristik:&#8211; Sonntags-Spaziergang, Halbschuhe gen\u00fcgen&#8211; cirka 60 bis 70 Minuten&#8211; viel Freilauf f\u00fcr den Hund Beschreibung:Im Gebiet der alten ARA gibt es verschiedene Gelegenheiten f\u00fcr angenehme, ausgedehnte Spazierg\u00e4nge.Vom Dorf her gibt es zwei\u00a0Einstiegsm\u00f6glichkeiten&#8211; unterhalb Hotel Central&#8211; oberhalb Hotel Central Mein Favorit &hellip; <a href=\"https:\/\/www.kv-duedingen.ch\/web\/wandervorschlaege\/ara-dudingen\/\">Weiterlesen <span class=\"meta-nav\">&rarr;<\/span><\/a><\/p>\n","protected":false},"author":237,"featured_media":0,"parent":2339,"menu_order":0,"comment_status":"closed","ping_status":"closed","template":"","meta":{"footnotes":""},"class_list":["post-183","page","type-page","status-publish","hentry"],"_links":{"self":[{"href":"https:\/\/www.kv-duedingen.ch\/web\/wp-json\/wp\/v2\/pages\/183","targetHints":{"allow":["GET"]}}],"collection":[{"href":"https:\/\/www.kv-duedingen.ch\/web\/wp-json\/wp\/v2\/pages"}],"about":[{"href":"https:\/\/www.kv-duedingen.ch\/web\/wp-json\/wp\/v2\/types\/page"}],"author":[{"embeddable":true,"href":"https:\/\/www.kv-duedingen.ch\/web\/wp-json\/wp\/v2\/users\/237"}],"replies":[{"embeddable":true,"href":"https:\/\/www.kv-duedingen.ch\/web\/wp-json\/wp\/v2\/comments?post=183"}],"version-history":[{"count":10,"href":"https:\/\/www.kv-duedingen.ch\/web\/wp-json\/wp\/v2\/pages\/183\/revisions"}],"predecessor-version":[{"id":2458,"href":"https:\/\/www.kv-duedingen.ch\/web\/wp-json\/wp\/v2\/pages\/183\/revisions\/2458"}],"up":[{"embeddable":true,"href":"https:\/\/www.kv-duedingen.ch\/web\/wp-json\/wp\/v2\/pages\/2339"}],"wp:attachment":[{"href":"https:\/\/www.kv-duedingen.ch\/web\/wp-json\/wp\/v2\/media?parent=183"}],"curies":[{"name":"wp","href":"https:\/\/api.w.org\/{rel}","templated":true}]}}