{"id":18,"date":"2010-12-22T19:19:38","date_gmt":"2010-12-22T18:19:38","guid":{"rendered":"http:\/\/www.kv-duedingen.ch\/web\/?page_id=18"},"modified":"2024-09-24T10:29:51","modified_gmt":"2024-09-24T09:29:51","slug":"kontakte","status":"publish","type":"page","link":"https:\/\/www.kv-duedingen.ch\/web\/kontakte\/","title":{"rendered":"Kontakte"},"content":{"rendered":"\n<p>Wie Sie uns erreichen?<\/p>\n\n\n\n<p>Ganz einfach:<br>\u2022 auf dem Postweg: KV D\u00fcdingen, Postfach 137, 3186 D\u00fcdingen<br>\u2022 telefonisch oder per Mail siehe <a rel=\"noreferrer noopener\" href=\"https:\/\/www.kv-duedingen.ch\/web\/vorstand\/\" target=\"_blank\">\u00abVorstand\u00bb<\/a> und\/oder <a rel=\"noreferrer noopener\" href=\"https:\/\/www.kv-duedingen.ch\/web\/gruppen\/\" data-type=\"page\" data-id=\"10\" target=\"_blank\">\u00abGruppen\u00bb<\/a><\/p>\n\n\n\n<div class=\"wp-block-media-text is-stacked-on-mobile\" style=\"grid-template-columns:18% auto\"><figure class=\"wp-block-media-text__media\"><img loading=\"lazy\" decoding=\"async\" width=\"750\" height=\"1260\" src=\"https:\/\/www.kv-duedingen.ch\/web\/wp-content\/uploads\/2024\/06\/QRCode_Insta.jpg\" alt=\"\" class=\"wp-image-4075 size-full\" srcset=\"https:\/\/www.kv-duedingen.ch\/web\/wp-content\/uploads\/2024\/06\/QRCode_Insta.jpg 750w, https:\/\/www.kv-duedingen.ch\/web\/wp-content\/uploads\/2024\/06\/QRCode_Insta-179x300.jpg 179w, https:\/\/www.kv-duedingen.ch\/web\/wp-content\/uploads\/2024\/06\/QRCode_Insta-610x1024.jpg 610w, https:\/\/www.kv-duedingen.ch\/web\/wp-content\/uploads\/2024\/06\/QRCode_Insta-89x150.jpg 89w\" sizes=\"auto, (max-width: 750px) 100vw, 750px\" \/><\/figure><div class=\"wp-block-media-text__content\">\n<p>\u2022 oder auf Instagram <\/p>\n<\/div><\/div>\n\n\n\n<p>\u2022 allgemeine Fragen? Kontaktieren Sie die Techn. Leitung Carine Spicher; 079 748 71 00<\/p>\n\n\n\n<p><strong><mark style=\"background-color:rgba(0, 0, 0, 0)\" class=\"has-inline-color has-blue-color\"><a href=\"https:\/\/www.kv-duedingen.ch\/web\/wp-content\/uploads\/2024\/09\/Aufnahmegesuch_KVD_ab2024.pdf\" target=\"_blank\" rel=\"noreferrer noopener\">Mitgliederantrag<\/a><\/mark><\/strong><br>Einzelmitglied         CHF 150.\u2013 <br>Familienmitglied    CHF 170.\u2013 <br>Jugendmitglied       CHF   60.\u2013 <br>Passivmitglied         CHF   30.-<\/p>\n\n\n\n<p>M\u00f6chten Sie den Kynologischen Verein D\u00fcdingen unterst\u00fctzen?<br><strong><span class=\"has-inline-color has-blue-color\">Spenden und Sponsorengelder helfen, attraktive Kursangebote zu schaffen. <\/span><\/strong><br>Sie k\u00f6nnen ganz unkompliziert eine Spende an die Raiffeisenbank 3186 D\u00fcdingen,<br>IBAN CH37 8080 8003 7897 6877 7 zugunsten des Vereins KV D\u00fcdingen \u00fcberweisen.<\/p>\n\n\n\n<p><strong><span class=\"has-inline-color has-blue-color\">Wir danken herzlich f\u00fcr Ihre Unterst\u00fctzung!<\/span><\/strong><\/p>\n\n\n<div class=\"wpforms-container wpforms-container-full wpforms-render-modern\" id=\"wpforms-3743\"><form id=\"wpforms-form-3743\" class=\"wpforms-validate wpforms-form wpforms-ajax-form\" data-formid=\"3743\" method=\"post\" enctype=\"multipart\/form-data\" action=\"\/web\/wp-json\/wp\/v2\/pages\/18\" data-token=\"f17e36467be35f58fbfa6f85aa2ad882\" data-token-time=\"1778805274\"><noscript class=\"wpforms-error-noscript\">Bitte aktiviere JavaScript in deinem Browser, um dieses Formular fertigzustellen.<\/noscript><div class=\"wpforms-hidden\" id=\"wpforms-error-noscript\">Bitte aktiviere JavaScript in deinem Browser, um dieses Formular fertigzustellen.<\/div><div class=\"wpforms-field-container\"><div id=\"wpforms-3743-field_0-container\" class=\"wpforms-field wpforms-field-name\" data-field-id=\"0\"><fieldset><legend class=\"wpforms-field-label\">Name <span class=\"wpforms-required-label\" aria-hidden=\"true\">*<\/span><\/legend><div class=\"wpforms-field-row wpforms-field-large\"><div class=\"wpforms-field-row-block wpforms-first wpforms-one-half\"><input type=\"text\" id=\"wpforms-3743-field_0\" class=\"wpforms-field-name-first wpforms-field-required\" name=\"wpforms[fields][0][first]\" aria-errormessage=\"wpforms-3743-field_0-error\" required><label for=\"wpforms-3743-field_0\" class=\"wpforms-field-sublabel after\">Vorname<\/label><\/div><div class=\"wpforms-field-row-block wpforms-one-half\"><input type=\"text\" id=\"wpforms-3743-field_0-last\" class=\"wpforms-field-name-last wpforms-field-required\" name=\"wpforms[fields][0][last]\" aria-errormessage=\"wpforms-3743-field_0-last-error\" required><label for=\"wpforms-3743-field_0-last\" class=\"wpforms-field-sublabel after\">Nachname<\/label><\/div><\/div><\/fieldset><\/div><div id=\"wpforms-3743-field_1-container\" class=\"wpforms-field wpforms-field-email\" data-field-id=\"1\"><label class=\"wpforms-field-label\" for=\"wpforms-3743-field_1\">E-Mail <span class=\"wpforms-required-label\" aria-hidden=\"true\">*<\/span><\/label><input type=\"email\" id=\"wpforms-3743-field_1\" class=\"wpforms-field-large wpforms-field-required\" name=\"wpforms[fields][1]\" spellcheck=\"false\" aria-errormessage=\"wpforms-3743-field_1-error\" required><\/div><div id=\"wpforms-3743-field_2-container\" class=\"wpforms-field wpforms-field-textarea\" data-field-id=\"2\"><label class=\"wpforms-field-label\" for=\"wpforms-3743-field_2\">Kommentar oder Nachricht<\/label><textarea id=\"wpforms-3743-field_2\" class=\"wpforms-field-medium\" name=\"wpforms[fields][2]\" aria-errormessage=\"wpforms-3743-field_2-error\" ><\/textarea><\/div><\/div><!-- .wpforms-field-container --><div class=\"wpforms-submit-container\" ><input type=\"hidden\" name=\"wpforms[id]\" value=\"3743\"><input type=\"hidden\" name=\"page_title\" value=\"\"><input type=\"hidden\" name=\"page_url\" value=\"https:\/\/www.kv-duedingen.ch\/web\/wp-json\/wp\/v2\/pages\/18\"><input type=\"hidden\" name=\"url_referer\" value=\"\"><button type=\"submit\" name=\"wpforms[submit]\" id=\"wpforms-submit-3743\" class=\"wpforms-submit\" data-alt-text=\"Senden\u2026\" data-submit-text=\"Absenden\" aria-live=\"assertive\" value=\"wpforms-submit\">Absenden<\/button><img loading=\"lazy\" decoding=\"async\" src=\"https:\/\/www.kv-duedingen.ch\/web\/wp-content\/plugins\/wpforms-lite\/assets\/images\/submit-spin.svg\" class=\"wpforms-submit-spinner\" style=\"display: none;\" width=\"26\" height=\"26\" alt=\"Wird geladen\"><\/div><\/form><\/div>  <!-- .wpforms-container -->\n","protected":false},"excerpt":{"rendered":"<p>Wie Sie uns erreichen? Ganz einfach:\u2022 auf dem Postweg: KV D\u00fcdingen, Postfach 137, 3186 D\u00fcdingen\u2022 telefonisch oder per Mail siehe \u00abVorstand\u00bb und\/oder \u00abGruppen\u00bb \u2022 oder auf Instagram \u2022 allgemeine Fragen? Kontaktieren Sie die Techn. Leitung Carine Spicher; 079 748 71 &hellip; <a href=\"https:\/\/www.kv-duedingen.ch\/web\/kontakte\/\">Weiterlesen <span class=\"meta-nav\">&rarr;<\/span><\/a><\/p>\n","protected":false},"author":237,"featured_media":0,"parent":0,"menu_order":9,"comment_status":"closed","ping_status":"closed","template":"","meta":{"footnotes":""},"class_list":["post-18","page","type-page","status-publish","hentry"],"_links":{"self":[{"href":"https:\/\/www.kv-duedingen.ch\/web\/wp-json\/wp\/v2\/pages\/18","targetHints":{"allow":["GET"]}}],"collection":[{"href":"https:\/\/www.kv-duedingen.ch\/web\/wp-json\/wp\/v2\/pages"}],"about":[{"href":"https:\/\/www.kv-duedingen.ch\/web\/wp-json\/wp\/v2\/types\/page"}],"author":[{"embeddable":true,"href":"https:\/\/www.kv-duedingen.ch\/web\/wp-json\/wp\/v2\/users\/237"}],"replies":[{"embeddable":true,"href":"https:\/\/www.kv-duedingen.ch\/web\/wp-json\/wp\/v2\/comments?post=18"}],"version-history":[{"count":41,"href":"https:\/\/www.kv-duedingen.ch\/web\/wp-json\/wp\/v2\/pages\/18\/revisions"}],"predecessor-version":[{"id":4110,"href":"https:\/\/www.kv-duedingen.ch\/web\/wp-json\/wp\/v2\/pages\/18\/revisions\/4110"}],"wp:attachment":[{"href":"https:\/\/www.kv-duedingen.ch\/web\/wp-json\/wp\/v2\/media?parent=18"}],"curies":[{"name":"wp","href":"https:\/\/api.w.org\/{rel}","templated":true}]}}