{"id":1791,"date":"2020-03-22T07:23:35","date_gmt":"2020-03-22T06:23:35","guid":{"rendered":"http:\/\/www.kv-duedingen.ch\/web\/?page_id=1791"},"modified":"2020-03-22T17:33:21","modified_gmt":"2020-03-22T16:33:21","slug":"selbstgemachtes","status":"publish","type":"page","link":"https:\/\/www.kv-duedingen.ch\/web\/interessantes-gewesenes\/selbstgemachtes\/","title":{"rendered":"Selbstgemachtes ;-)"},"content":{"rendered":"\n<h2 class=\"wp-block-heading\">Dummy selbstgemacht<\/h2>\n\n\n\n<p> Mit etwas \u00dcbung machst du dein Hundespielzeug, Apportel ganz einfach und erst noch preisg\u00fcnstig selber. Das wenige ben\u00f6tigte Material gibt&#8217;s zum Beispiel in der Landi. <\/p>\n\n\n\n<figure class=\"wp-block-embed-youtube wp-block-embed is-type-video is-provider-youtube wp-embed-aspect-4-3 wp-has-aspect-ratio\"><div class=\"wp-block-embed__wrapper\">\n<iframe loading=\"lazy\" title=\"Anleitung Affenfaust Knoten\" width=\"640\" height=\"480\" src=\"https:\/\/www.youtube.com\/embed\/C_YTv46oZWw?start=5&#038;feature=oembed\" frameborder=\"0\" allow=\"accelerometer; autoplay; clipboard-write; encrypted-media; gyroscope; picture-in-picture; web-share\" referrerpolicy=\"strict-origin-when-cross-origin\" allowfullscreen><\/iframe>\n<\/div><\/figure>\n","protected":false},"excerpt":{"rendered":"<p>Dummy selbstgemacht Mit etwas \u00dcbung machst du dein Hundespielzeug, Apportel ganz einfach und erst noch preisg\u00fcnstig selber. Das wenige ben\u00f6tigte Material gibt&#8217;s zum Beispiel in der Landi.<\/p>\n","protected":false},"author":237,"featured_media":0,"parent":1898,"menu_order":1,"comment_status":"closed","ping_status":"closed","template":"","meta":{"footnotes":""},"class_list":["post-1791","page","type-page","status-publish","hentry"],"_links":{"self":[{"href":"https:\/\/www.kv-duedingen.ch\/web\/wp-json\/wp\/v2\/pages\/1791","targetHints":{"allow":["GET"]}}],"collection":[{"href":"https:\/\/www.kv-duedingen.ch\/web\/wp-json\/wp\/v2\/pages"}],"about":[{"href":"https:\/\/www.kv-duedingen.ch\/web\/wp-json\/wp\/v2\/types\/page"}],"author":[{"embeddable":true,"href":"https:\/\/www.kv-duedingen.ch\/web\/wp-json\/wp\/v2\/users\/237"}],"replies":[{"embeddable":true,"href":"https:\/\/www.kv-duedingen.ch\/web\/wp-json\/wp\/v2\/comments?post=1791"}],"version-history":[{"count":4,"href":"https:\/\/www.kv-duedingen.ch\/web\/wp-json\/wp\/v2\/pages\/1791\/revisions"}],"predecessor-version":[{"id":1795,"href":"https:\/\/www.kv-duedingen.ch\/web\/wp-json\/wp\/v2\/pages\/1791\/revisions\/1795"}],"up":[{"embeddable":true,"href":"https:\/\/www.kv-duedingen.ch\/web\/wp-json\/wp\/v2\/pages\/1898"}],"wp:attachment":[{"href":"https:\/\/www.kv-duedingen.ch\/web\/wp-json\/wp\/v2\/media?parent=1791"}],"curies":[{"name":"wp","href":"https:\/\/api.w.org\/{rel}","templated":true}]}}