{"id":1783,"date":"2020-03-22T07:02:28","date_gmt":"2020-03-22T06:02:28","guid":{"rendered":"http:\/\/www.kv-duedingen.ch\/web\/?page_id=1783"},"modified":"2021-01-12T19:31:37","modified_gmt":"2021-01-12T18:31:37","slug":"gewesenes-archiv","status":"publish","type":"page","link":"https:\/\/www.kv-duedingen.ch\/web\/interessantes-gewesenes\/gewesenes-archiv\/","title":{"rendered":"Gewesenes"},"content":{"rendered":"\n<h3 class=\"wp-block-heading\">Museum Tafers<\/h3>\n\n\n\n<figure class=\"wp-block-image\"><img decoding=\"async\" src=\"https:\/\/www.kv-duedingen.ch\/web\/wp-content\/uploads\/2019\/08\/leidenschafthund.png\" alt=\"Dieses Bild hat ein leeres Alt-Attribut. Der Dateiname ist leidenschafthund.png\"\/><\/figure>\n\n\n\n<p><a rel=\"noreferrer noopener\" href=\"http:\/\/www.senslermuseum.ch\/\" target=\"_blank\">www.senslermuseum.ch <\/a><\/p>\n\n\n\n<p>Ausstellung im Sensler Museum Tafers.<br>31. August bis 10. November 2019<br><strong>\u00bb<\/strong>Eintauchen in die Welt der Hunde. <br>Einzigartige Hundefiguren-Sammlung von Monique Sophie Pob\u00e9, Schloss &#8218;Grande Riedera&#8216;. <br>Vorstellung der Kynologischen Vereine Alterswil und D\u00fcdingen.<strong>\u00ab<\/strong><br><\/p>\n\n\n\n<hr class=\"wp-block-separator is-style-wide\"\/>\n\n\n\n<h3 class=\"wp-block-heading\">Heute in den Freiburger Nachrichten<\/h3>\n\n\n\n<figure class=\"wp-block-image size-large is-resized\"><img loading=\"lazy\" decoding=\"async\" src=\"https:\/\/www.kv-duedingen.ch\/web\/wp-content\/uploads\/2017\/06\/image-907x1024.jpeg\" alt=\"\" class=\"wp-image-1415\" width=\"604\" height=\"681\" srcset=\"https:\/\/www.kv-duedingen.ch\/web\/wp-content\/uploads\/2017\/06\/image-907x1024.jpeg 907w, https:\/\/www.kv-duedingen.ch\/web\/wp-content\/uploads\/2017\/06\/image-133x150.jpeg 133w, https:\/\/www.kv-duedingen.ch\/web\/wp-content\/uploads\/2017\/06\/image-266x300.jpeg 266w, https:\/\/www.kv-duedingen.ch\/web\/wp-content\/uploads\/2017\/06\/image-768x867.jpeg 768w, https:\/\/www.kv-duedingen.ch\/web\/wp-content\/uploads\/2017\/06\/image.jpeg 1293w\" sizes=\"auto, (max-width: 604px) 100vw, 604px\" \/><\/figure>\n\n\n\n<hr class=\"wp-block-separator is-style-wide\"\/>\n\n\n\n<h3 class=\"wp-block-heading\">Der KVD besucht die Blindenhundenschule<\/h3>\n\n\n\n<p>\n\nTreffpunkt war Samstag, 2. Mai, 7.30, beim Carunternehmen Horner in Tafers. P\u00fcnktlich starteten wir Richtung Allschwil. Mit dem Wetter hatten wir Gl\u00fcck, Petrus drehte den Wasserhahn zu.<br>Wir bekamen viel spannendes und interessantes zu h\u00f6ren, durften verschiedene R\u00e4umlichkeiten besichtigen und bei einer Vorf\u00fchrung auf dem Lernparcour zuschauen. [<strong><a href=\"http:\/\/www.kv-duedingen.ch\/allschwil_mai_2015\/album\/index.html\" target=\"_blank\" rel=\"noreferrer noopener\">Einige Bilder<\/a><\/strong>]<br>Madeleine Wenger\n\n<\/p>\n\n\n\n<hr class=\"wp-block-separator is-style-wide\"\/>\n\n\n\n<h3 class=\"wp-block-heading\">Neues Dach f\u00fcrs Tierasyl<\/h3>\n\n\n\n<p>Im Stich gelassene und oder misshandelte Tiere werden seit 20 Jahren im Tierheim des <strong><a href=\"http:\/\/www.spafribourg.ch\/\" target=\"_blank\" rel=\"noreferrer noopener\">TSV Freiburg<\/a><\/strong> in Font (nahe Estavayer-le-lac) aufgenommen. Nun soll es vollst\u00e4ndig erweitert und renoviert werden, weil es den sanit\u00e4ren und sicherheitstechnischen Bed\u00fcrfnissen nicht mehr entspricht. Ziel ist es, die Gesundheit und Sicherheit der Tiere zu garantieren, die Arbeitsbedingungen zu verbessern, die Betriebskosten zu senden und neu auch einen angemessenen Platz f\u00fcr V\u00f6gel und Nagetiere vorzusehen.<\/p>\n\n\n\n<p>Der TSV schreibt dazu<br>\u00bb<strong>Der Kostenvoranschlag f\u00fcr diese Baustelle betr\u00e4gt \u00fcber 3 Millionen Franken. Diese Summe ist wohlgemerkt sehr hoch und derartige Gelder zusammenzubringen, bedeutet f\u00fcr unseren Verein eine grosse Herausforderung. Allerdings ist die Renovierung des Tierheimes unumg\u00e4nglich, damit der Fortbestand des TSV Freiburg mit seinen Aktivit\u00e4ten und die ausgezeichnete Arbeit gesichert sind. Die tempor\u00e4ren L\u00f6sungen reichen nicht mehr aus und es ist nun an der Zeit, langfristig zu investieren.<\/strong>\u00ab<\/p>\n\n\n\n<p><strong><a href=\"http:\/\/www.spafribourg-renovation.ch\/uns-unterstuetzen\/?lang=de\" target=\"_blank\" rel=\"noreferrer noopener\">Zum Projekt&#8230;<\/a><\/strong><\/p>\n\n\n\n<div class=\"wp-block-image\"><figure class=\"aligncenter\"><img loading=\"lazy\" decoding=\"async\" width=\"628\" height=\"444\" src=\"https:\/\/www.kv-duedingen.ch\/web\/wp-content\/uploads\/2016\/02\/tsv.gif\" alt=\"tsv\" class=\"wp-image-987\"\/><\/figure><\/div>\n\n\n\n<hr class=\"wp-block-separator is-style-wide\"\/>\n\n\n\n<h3 class=\"wp-block-heading\">Zeitungsausriss<\/h3>\n\n\n\n<div class=\"wp-block-image\"><figure class=\"aligncenter\"><a href=\"https:\/\/www.kv-duedingen.ch\/web\/wp-content\/uploads\/2015\/01\/doggymottos.png\" target=\"_blank\" rel=\"noreferrer noopener\"><img loading=\"lazy\" decoding=\"async\" width=\"300\" height=\"287\" src=\"https:\/\/www.kv-duedingen.ch\/web\/wp-content\/uploads\/2015\/01\/doggymottos-300x287.png\" alt=\"doggymottos\" class=\"wp-image-890\" srcset=\"https:\/\/www.kv-duedingen.ch\/web\/wp-content\/uploads\/2015\/01\/doggymottos-300x287.png 300w, https:\/\/www.kv-duedingen.ch\/web\/wp-content\/uploads\/2015\/01\/doggymottos-150x143.png 150w, https:\/\/www.kv-duedingen.ch\/web\/wp-content\/uploads\/2015\/01\/doggymottos.png 788w\" sizes=\"auto, (max-width: 300px) 100vw, 300px\" \/><\/a><\/figure><\/div>\n\n\n\n<hr class=\"wp-block-separator is-style-wide\"\/>\n\n\n\n<h3 class=\"wp-block-heading\">Herbstwanderung 2014<\/h3>\n\n\n\n<p> 28. September 2014<br>Herbstwanderung im Forst bei Bern<br>Wundervolles Wetter, tolle Organisation. Fotos: Heidi Zehnder <\/p>\n\n\n\n<figure class=\"wp-block-gallery columns-3 is-cropped wp-block-gallery-1 is-layout-flex wp-block-gallery-is-layout-flex\"><ul class=\"blocks-gallery-grid\"><li class=\"blocks-gallery-item\"><figure><img loading=\"lazy\" decoding=\"async\" width=\"559\" height=\"382\" src=\"https:\/\/www.kv-duedingen.ch\/web\/wp-content\/uploads\/2014\/11\/6.jpg\" alt=\"\" data-id=\"855\" data-link=\"https:\/\/www.kv-duedingen.ch\/web\/6\/\" class=\"wp-image-855\" srcset=\"https:\/\/www.kv-duedingen.ch\/web\/wp-content\/uploads\/2014\/11\/6.jpg 559w, https:\/\/www.kv-duedingen.ch\/web\/wp-content\/uploads\/2014\/11\/6-300x205.jpg 300w\" sizes=\"auto, (max-width: 559px) 100vw, 559px\" \/><figcaption class=\"blocks-gallery-item__caption\">R\u00fcckblick<\/figcaption><\/figure><\/li><li class=\"blocks-gallery-item\"><figure><img loading=\"lazy\" decoding=\"async\" width=\"559\" height=\"382\" src=\"https:\/\/www.kv-duedingen.ch\/web\/wp-content\/uploads\/2014\/11\/5.jpg\" alt=\"\" data-id=\"854\" data-link=\"https:\/\/www.kv-duedingen.ch\/web\/5\/\" class=\"wp-image-854\" srcset=\"https:\/\/www.kv-duedingen.ch\/web\/wp-content\/uploads\/2014\/11\/5.jpg 559w, https:\/\/www.kv-duedingen.ch\/web\/wp-content\/uploads\/2014\/11\/5-300x205.jpg 300w\" sizes=\"auto, (max-width: 559px) 100vw, 559px\" \/><figcaption class=\"blocks-gallery-item__caption\">Mittag<\/figcaption><\/figure><\/li><li class=\"blocks-gallery-item\"><figure><img loading=\"lazy\" decoding=\"async\" width=\"559\" height=\"382\" src=\"https:\/\/www.kv-duedingen.ch\/web\/wp-content\/uploads\/2014\/11\/4.jpg\" alt=\"\" data-id=\"853\" data-link=\"https:\/\/www.kv-duedingen.ch\/web\/4\/\" class=\"wp-image-853\" srcset=\"https:\/\/www.kv-duedingen.ch\/web\/wp-content\/uploads\/2014\/11\/4.jpg 559w, https:\/\/www.kv-duedingen.ch\/web\/wp-content\/uploads\/2014\/11\/4-300x205.jpg 300w\" sizes=\"auto, (max-width: 559px) 100vw, 559px\" \/><figcaption class=\"blocks-gallery-item__caption\">Konferenz<\/figcaption><\/figure><\/li><li class=\"blocks-gallery-item\"><figure><img loading=\"lazy\" decoding=\"async\" width=\"559\" height=\"382\" src=\"https:\/\/www.kv-duedingen.ch\/web\/wp-content\/uploads\/2014\/11\/3.jpg\" alt=\"\" data-id=\"852\" data-link=\"https:\/\/www.kv-duedingen.ch\/web\/3\/\" class=\"wp-image-852\" srcset=\"https:\/\/www.kv-duedingen.ch\/web\/wp-content\/uploads\/2014\/11\/3.jpg 559w, https:\/\/www.kv-duedingen.ch\/web\/wp-content\/uploads\/2014\/11\/3-300x205.jpg 300w\" sizes=\"auto, (max-width: 559px) 100vw, 559px\" \/><figcaption class=\"blocks-gallery-item__caption\">Tratschen<\/figcaption><\/figure><\/li><li class=\"blocks-gallery-item\"><figure><img loading=\"lazy\" decoding=\"async\" width=\"559\" height=\"382\" src=\"https:\/\/www.kv-duedingen.ch\/web\/wp-content\/uploads\/2014\/11\/2.jpg\" alt=\"\" data-id=\"851\" data-link=\"https:\/\/www.kv-duedingen.ch\/web\/2\/\" class=\"wp-image-851\" srcset=\"https:\/\/www.kv-duedingen.ch\/web\/wp-content\/uploads\/2014\/11\/2.jpg 559w, https:\/\/www.kv-duedingen.ch\/web\/wp-content\/uploads\/2014\/11\/2-300x205.jpg 300w\" sizes=\"auto, (max-width: 559px) 100vw, 559px\" \/><figcaption class=\"blocks-gallery-item__caption\">Doris und Nummer Zwo<\/figcaption><\/figure><\/li><li class=\"blocks-gallery-item\"><figure><img loading=\"lazy\" decoding=\"async\" width=\"559\" height=\"382\" src=\"https:\/\/www.kv-duedingen.ch\/web\/wp-content\/uploads\/2014\/11\/1.jpg\" alt=\"\" data-id=\"850\" data-link=\"https:\/\/www.kv-duedingen.ch\/web\/1\/\" class=\"wp-image-850\" srcset=\"https:\/\/www.kv-duedingen.ch\/web\/wp-content\/uploads\/2014\/11\/1.jpg 559w, https:\/\/www.kv-duedingen.ch\/web\/wp-content\/uploads\/2014\/11\/1-300x205.jpg 300w\" sizes=\"auto, (max-width: 559px) 100vw, 559px\" \/><figcaption class=\"blocks-gallery-item__caption\">Sch\u00f6ne R\u00fccken&#8230;<\/figcaption><\/figure><\/li><\/ul><\/figure>\n\n\n\n<hr class=\"wp-block-separator is-style-wide\"\/>\n\n\n\n<h3 class=\"wp-block-heading\"> Zufrieden mit dem Wachdienst <\/h3>\n\n\n\n<p>\n\nSeit f\u00fcnf Jahren engagiert der SC D\u00fcdingen f\u00fcr die Sicherheitskontrollen am Freitag- und Samstagabend den KVD.<br><strong><a href=\"https:\/\/www.kv-duedingen.ch\/web\/wp-content\/uploads\/2011\/07\/2011SCD.pdf\" target=\"_blank\" rel=\"noreferrer noopener\">Ein zufriedenes Feedback&#8230;<\/a> <\/strong>dar\u00fcber freuen wir uns.\n\n<\/p>\n","protected":false},"excerpt":{"rendered":"<p>Museum Tafers www.senslermuseum.ch Ausstellung im Sensler Museum Tafers.31. August bis 10. November 2019\u00bbEintauchen in die Welt der Hunde. Einzigartige Hundefiguren-Sammlung von Monique Sophie Pob\u00e9, Schloss &#8218;Grande Riedera&#8216;. Vorstellung der Kynologischen Vereine Alterswil und D\u00fcdingen.\u00ab Heute in den Freiburger Nachrichten Der &hellip; <a href=\"https:\/\/www.kv-duedingen.ch\/web\/interessantes-gewesenes\/gewesenes-archiv\/\">Weiterlesen <span class=\"meta-nav\">&rarr;<\/span><\/a><\/p>\n","protected":false},"author":237,"featured_media":0,"parent":1898,"menu_order":3,"comment_status":"closed","ping_status":"closed","template":"","meta":{"footnotes":""},"class_list":["post-1783","page","type-page","status-publish","hentry"],"_links":{"self":[{"href":"https:\/\/www.kv-duedingen.ch\/web\/wp-json\/wp\/v2\/pages\/1783","targetHints":{"allow":["GET"]}}],"collection":[{"href":"https:\/\/www.kv-duedingen.ch\/web\/wp-json\/wp\/v2\/pages"}],"about":[{"href":"https:\/\/www.kv-duedingen.ch\/web\/wp-json\/wp\/v2\/types\/page"}],"author":[{"embeddable":true,"href":"https:\/\/www.kv-duedingen.ch\/web\/wp-json\/wp\/v2\/users\/237"}],"replies":[{"embeddable":true,"href":"https:\/\/www.kv-duedingen.ch\/web\/wp-json\/wp\/v2\/comments?post=1783"}],"version-history":[{"count":21,"href":"https:\/\/www.kv-duedingen.ch\/web\/wp-json\/wp\/v2\/pages\/1783\/revisions"}],"predecessor-version":[{"id":2444,"href":"https:\/\/www.kv-duedingen.ch\/web\/wp-json\/wp\/v2\/pages\/1783\/revisions\/2444"}],"up":[{"embeddable":true,"href":"https:\/\/www.kv-duedingen.ch\/web\/wp-json\/wp\/v2\/pages\/1898"}],"wp:attachment":[{"href":"https:\/\/www.kv-duedingen.ch\/web\/wp-json\/wp\/v2\/media?parent=1783"}],"curies":[{"name":"wp","href":"https:\/\/api.w.org\/{rel}","templated":true}]}}