{"id":153,"date":"2011-02-19T14:38:16","date_gmt":"2011-02-19T13:38:16","guid":{"rendered":"http:\/\/www.kv-duedingen.ch\/web\/?page_id=153"},"modified":"2023-08-12T06:31:34","modified_gmt":"2023-08-12T05:31:34","slug":"wichtige-kontakte","status":"publish","type":"page","link":"https:\/\/www.kv-duedingen.ch\/web\/service\/wichtige-kontakte\/","title":{"rendered":"Wichtige Kontakte"},"content":{"rendered":"\n<p>Die Schweiz verf\u00fcgt \u00fcber eine gut organisierte, zentrale Datenbank und Meldestelle f\u00fcr Findeltiere: STMZ Schweizerische Tiermelde Zentrale. <a rel=\"noreferrer noopener\" href=\"https:\/\/www.stmz.ch\/\" target=\"_blank\">stmz.ch<\/a><\/p>\n\n\n\n<p><strong>TIERHEIME<\/strong><br><br><strong>Fribourg<\/strong><br>SPA-Fribourg<br>Les Maupas 1, 1473 Font<br>026 663 33 75 oder <a rel=\"noreferrer noopener\" href=\"mailto:info@spafribourg.ch\" target=\"_blank\">info@spafribourg.ch<\/a><br>Mo &#8211; Fr: 08.30 &#8211; 11.30 Uhr<\/p>\n\n\n\n<p><strong>Bern<\/strong><br>Berner Tierzentrum<br>Wohlenstrasse 55, 3032 Hinterkappelen<br>031 926 64 64 oder <a rel=\"noreferrer noopener\" href=\"mailto:info@bernertierschutz.ch\" target=\"_blank\">info@bernertierschutz.ch<\/a><br>Mo &#8211; Fr 09.00 &#8211; 12.00 Uhr<\/p>\n\n\n\n<p><strong>zust\u00e4ndiger WILDH\u00dcTER &#8230; und Fischereiaufseher des Aufsichtsgebietts 16<\/strong><br><br><b>Reto H\u00e4ssig<\/b><br>Natel : 079 329 48 80<br>Email :&nbsp;<a href=\"mailto:reto.haessig@fr.ch\">reto.haessig@fr.ch<\/a><\/p>\n\n\n\n<p class=\"has-white-background-color has-background\"><strong>TIERKREMATORIUM KIRCHBERG<\/strong><br><br>Die Anlage konnte im Mai 2001 in Betrieb genommen werden<br>und ist unter der Telefonnummer 034 446 05 00 w\u00e4hrend und auch ausserhalb der ordentlichen Gesch\u00e4ftszeiten. <a href=\"http:\/\/tierkrematorium-kirchberg.ch\" target=\"_blank\" rel=\"noreferrer noopener\">tierkrematorium-kirchberg.ch<\/a><\/p>\n","protected":false},"excerpt":{"rendered":"<p>Die Schweiz verf\u00fcgt \u00fcber eine gut organisierte, zentrale Datenbank und Meldestelle f\u00fcr Findeltiere: STMZ Schweizerische Tiermelde Zentrale. stmz.ch TIERHEIME FribourgSPA-FribourgLes Maupas 1, 1473 Font026 663 33 75 oder info@spafribourg.chMo &#8211; Fr: 08.30 &#8211; 11.30 Uhr BernBerner TierzentrumWohlenstrasse 55, 3032 Hinterkappelen031 &hellip; <a href=\"https:\/\/www.kv-duedingen.ch\/web\/service\/wichtige-kontakte\/\">Weiterlesen <span class=\"meta-nav\">&rarr;<\/span><\/a><\/p>\n","protected":false},"author":237,"featured_media":0,"parent":21,"menu_order":2,"comment_status":"closed","ping_status":"open","template":"","meta":{"footnotes":""},"class_list":["post-153","page","type-page","status-publish","hentry"],"_links":{"self":[{"href":"https:\/\/www.kv-duedingen.ch\/web\/wp-json\/wp\/v2\/pages\/153","targetHints":{"allow":["GET"]}}],"collection":[{"href":"https:\/\/www.kv-duedingen.ch\/web\/wp-json\/wp\/v2\/pages"}],"about":[{"href":"https:\/\/www.kv-duedingen.ch\/web\/wp-json\/wp\/v2\/types\/page"}],"author":[{"embeddable":true,"href":"https:\/\/www.kv-duedingen.ch\/web\/wp-json\/wp\/v2\/users\/237"}],"replies":[{"embeddable":true,"href":"https:\/\/www.kv-duedingen.ch\/web\/wp-json\/wp\/v2\/comments?post=153"}],"version-history":[{"count":15,"href":"https:\/\/www.kv-duedingen.ch\/web\/wp-json\/wp\/v2\/pages\/153\/revisions"}],"predecessor-version":[{"id":3726,"href":"https:\/\/www.kv-duedingen.ch\/web\/wp-json\/wp\/v2\/pages\/153\/revisions\/3726"}],"up":[{"embeddable":true,"href":"https:\/\/www.kv-duedingen.ch\/web\/wp-json\/wp\/v2\/pages\/21"}],"wp:attachment":[{"href":"https:\/\/www.kv-duedingen.ch\/web\/wp-json\/wp\/v2\/media?parent=153"}],"curies":[{"name":"wp","href":"https:\/\/api.w.org\/{rel}","templated":true}]}}