{"id":14,"date":"2020-12-19T08:00:22","date_gmt":"2020-12-19T07:00:22","guid":{"rendered":"http:\/\/www.kv-duedingen.ch\/web\/?page_id=14"},"modified":"2026-02-26T20:41:40","modified_gmt":"2026-02-26T19:41:40","slug":"agenda","status":"publish","type":"page","link":"https:\/\/www.kv-duedingen.ch\/web\/agenda\/","title":{"rendered":"Agenda"},"content":{"rendered":"\n<hr class=\"wp-block-separator has-css-opacity is-style-wide\"\/>\n\n\n\n<h3 class=\"wp-block-heading\"><span style=\"color: #3366ff;\"><strong><mark style=\"background-color:rgba(0, 0, 0, 0)\" class=\"has-inline-color has-black-color\">AKTUELLE TERMINE<\/mark><\/strong><\/span><\/h3>\n\n\n\n<p>Anfangs M\u00e4rz fangen unsere Gruppen mit der Saison an. Details unter <a rel=\"noreferrer noopener\" href=\"https:\/\/www.kv-duedingen.ch\/web\/?page_id=10\" target=\"_blank\"><strong>Gruppen<\/strong><\/a>. <\/p>\n\n\n\n<p><strong>November 2025 bis Februar 2026<\/strong><br>Die Winterpausen sind gruppenabh\u00e4ngig<\/p>\n\n\n\n<p><strong><mark style=\"background-color:rgba(0, 0, 0, 0)\" class=\"has-inline-color has-blue-color\">Freitag, 6. M\u00e4rz 2026<\/mark><\/strong><br><strong>50. Generalversammlung des KV D\u00fcdingen<\/strong><br>Die Einladung folgt anfangs 2026 per Mail. <\/p>\n\n\n\n<p><strong><mark style=\"background-color:rgba(0, 0, 0, 0)\" class=\"has-inline-color has-blue-color\">Arbeitstage der Hundepl\u00e4tze Toggeliloch und Waldegg <\/mark><\/strong><strong><mark style=\"background-color:rgba(0, 0, 0, 0)\" class=\"has-inline-color has-blue-color\">2026 <\/mark><\/strong><br>Samstag, 2.Mai 2026 Arbeitstag Waldegg <br>Samstag, 27.Juni 2026 H\u00fctte \/ Material putzen<br>Samstag, 3.Oktober 2026 Arbeitstag, H\u00fctte \/ Material putzen <br>weitere Informationen folgen per Mail, damit wir alle Mitglieder erreichen k\u00f6nnen. <br><strong>Helfer sind herzlich willkommen &#x263a;<\/strong><\/p>\n\n\n\n<p><strong><mark style=\"background-color:rgba(0, 0, 0, 0)\" class=\"has-inline-color has-blue-color\">Sessellift-Training<\/mark><\/strong><br>weitere Details folgen \u00fcber die \u00dcbungsleitenden und per Mail.<\/p>\n\n\n\n<p><strong><mark style=\"background-color:rgba(0, 0, 0, 0)\" class=\"has-inline-color has-blue-color\">Mobility \/ Plauschparcours<\/mark><\/strong><br>Samstag, 12.September 2026<br>weitere Informationen folgen \u00fcber die \u00dcbungsleitenden und per Mail.<\/p>\n\n\n\n<h3 class=\"wp-block-heading\"><strong><mark style=\"background-color:rgba(0, 0, 0, 0);color:#ccae00\" class=\"has-inline-color\">Helfer gesucht f\u00fcr verschiedene Vereinsaufgaben:<\/mark><\/strong><\/h3>\n\n\n\n<ul class=\"wp-block-list\">\n<li>\u00dcbungsleitende (alle Sparten)<\/li>\n\n\n\n<li>Unterhalt<\/li>\n\n\n\n<li>Anl\u00e4sse<\/li>\n<\/ul>\n\n\n\n<p>Vorstandssitzungen und Sitzungen der \u00dcbungsleitenden gem\u00e4ss laufender, interner Absprache<\/p>\n\n\n\n<p><br><\/p>\n","protected":false},"excerpt":{"rendered":"<p>AKTUELLE TERMINE Anfangs M\u00e4rz fangen unsere Gruppen mit der Saison an. Details unter Gruppen. November 2025 bis Februar 2026Die Winterpausen sind gruppenabh\u00e4ngig Freitag, 6. M\u00e4rz 202650. Generalversammlung des KV D\u00fcdingenDie Einladung folgt anfangs 2026 per Mail. Arbeitstage der Hundepl\u00e4tze Toggeliloch &hellip; <a href=\"https:\/\/www.kv-duedingen.ch\/web\/agenda\/\">Weiterlesen <span class=\"meta-nav\">&rarr;<\/span><\/a><\/p>\n","protected":false},"author":237,"featured_media":0,"parent":0,"menu_order":1,"comment_status":"closed","ping_status":"closed","template":"","meta":{"footnotes":""},"class_list":["post-14","page","type-page","status-publish","hentry"],"_links":{"self":[{"href":"https:\/\/www.kv-duedingen.ch\/web\/wp-json\/wp\/v2\/pages\/14","targetHints":{"allow":["GET"]}}],"collection":[{"href":"https:\/\/www.kv-duedingen.ch\/web\/wp-json\/wp\/v2\/pages"}],"about":[{"href":"https:\/\/www.kv-duedingen.ch\/web\/wp-json\/wp\/v2\/types\/page"}],"author":[{"embeddable":true,"href":"https:\/\/www.kv-duedingen.ch\/web\/wp-json\/wp\/v2\/users\/237"}],"replies":[{"embeddable":true,"href":"https:\/\/www.kv-duedingen.ch\/web\/wp-json\/wp\/v2\/comments?post=14"}],"version-history":[{"count":155,"href":"https:\/\/www.kv-duedingen.ch\/web\/wp-json\/wp\/v2\/pages\/14\/revisions"}],"predecessor-version":[{"id":4326,"href":"https:\/\/www.kv-duedingen.ch\/web\/wp-json\/wp\/v2\/pages\/14\/revisions\/4326"}],"wp:attachment":[{"href":"https:\/\/www.kv-duedingen.ch\/web\/wp-json\/wp\/v2\/media?parent=14"}],"curies":[{"name":"wp","href":"https:\/\/api.w.org\/{rel}","templated":true}]}}