{"id":12,"date":"2010-12-22T19:18:08","date_gmt":"2010-12-22T18:18:08","guid":{"rendered":"http:\/\/www.kv-duedingen.ch\/web\/?page_id=12"},"modified":"2021-01-12T19:03:38","modified_gmt":"2021-01-12T18:03:38","slug":"trainingsplatze","status":"publish","type":"page","link":"https:\/\/www.kv-duedingen.ch\/web\/trainingsplatze\/","title":{"rendered":"Trainingspl\u00e4tze"},"content":{"rendered":"\n<p><br>D\u00fcdingen liegt direkt an der A12 zwischen Fribourg und Bern.<br>resp. an der Eisenbahnlinie Gen\u00e8ve &#8211; St. Gallen.<\/p>\n\n\n\n<p>Der KVD hat das Gl\u00fcck zwei Trainingspl\u00e4tze benutzen zu k\u00f6nnen:<br>\u2022 <a href=\"https:\/\/www.kv-duedingen.ch\/web\/?page_id=133\" target=\"_blank\" rel=\"noopener\">Waldegg<\/a><br>\u2022 <a href=\"https:\/\/www.kv-duedingen.ch\/web\/?page_id=137\" target=\"_blank\" rel=\"noopener\">Toggeliloch<\/a><\/p>\n","protected":false},"excerpt":{"rendered":"<p>D\u00fcdingen liegt direkt an der A12 zwischen Fribourg und Bern.resp. an der Eisenbahnlinie Gen\u00e8ve &#8211; St. Gallen. Der KVD hat das Gl\u00fcck zwei Trainingspl\u00e4tze benutzen zu k\u00f6nnen:\u2022 Waldegg\u2022 Toggeliloch<\/p>\n","protected":false},"author":237,"featured_media":0,"parent":0,"menu_order":3,"comment_status":"closed","ping_status":"closed","template":"","meta":{"footnotes":""},"class_list":["post-12","page","type-page","status-publish","hentry"],"_links":{"self":[{"href":"https:\/\/www.kv-duedingen.ch\/web\/wp-json\/wp\/v2\/pages\/12","targetHints":{"allow":["GET"]}}],"collection":[{"href":"https:\/\/www.kv-duedingen.ch\/web\/wp-json\/wp\/v2\/pages"}],"about":[{"href":"https:\/\/www.kv-duedingen.ch\/web\/wp-json\/wp\/v2\/types\/page"}],"author":[{"embeddable":true,"href":"https:\/\/www.kv-duedingen.ch\/web\/wp-json\/wp\/v2\/users\/237"}],"replies":[{"embeddable":true,"href":"https:\/\/www.kv-duedingen.ch\/web\/wp-json\/wp\/v2\/comments?post=12"}],"version-history":[{"count":13,"href":"https:\/\/www.kv-duedingen.ch\/web\/wp-json\/wp\/v2\/pages\/12\/revisions"}],"predecessor-version":[{"id":2420,"href":"https:\/\/www.kv-duedingen.ch\/web\/wp-json\/wp\/v2\/pages\/12\/revisions\/2420"}],"wp:attachment":[{"href":"https:\/\/www.kv-duedingen.ch\/web\/wp-json\/wp\/v2\/media?parent=12"}],"curies":[{"name":"wp","href":"https:\/\/api.w.org\/{rel}","templated":true}]}}