{"id":10,"date":"2010-12-22T19:17:52","date_gmt":"2010-12-22T18:17:52","guid":{"rendered":"http:\/\/www.kv-duedingen.ch\/web\/?page_id=10"},"modified":"2026-04-24T14:35:06","modified_gmt":"2026-04-24T13:35:06","slug":"gruppen","status":"publish","type":"page","link":"https:\/\/www.kv-duedingen.ch\/web\/gruppen\/","title":{"rendered":"KURSE und GRUPPEN"},"content":{"rendered":"\n<div class=\"wp-block-media-text alignwide is-stacked-on-mobile is-vertically-aligned-top\" style=\"grid-template-columns:40% auto\"><figure class=\"wp-block-media-text__media\"><img loading=\"lazy\" decoding=\"async\" width=\"800\" height=\"520\" src=\"https:\/\/www.kv-duedingen.ch\/web\/wp-content\/uploads\/2023\/11\/Bild.webp\" alt=\"\" class=\"wp-image-3838 size-full\" srcset=\"https:\/\/www.kv-duedingen.ch\/web\/wp-content\/uploads\/2023\/11\/Bild.webp 800w, https:\/\/www.kv-duedingen.ch\/web\/wp-content\/uploads\/2023\/11\/Bild-300x195.webp 300w, https:\/\/www.kv-duedingen.ch\/web\/wp-content\/uploads\/2023\/11\/Bild-150x98.webp 150w, https:\/\/www.kv-duedingen.ch\/web\/wp-content\/uploads\/2023\/11\/Bild-768x499.webp 768w\" sizes=\"auto, (max-width: 800px) 100vw, 800px\" \/><\/figure><div class=\"wp-block-media-text__content\">\n<p class=\"has-light-gray-color has-blue-background-color has-text-color has-background\"><strong><strong>Hunde-Obligatorium <\/strong><br><strong>Kanton Fribourg<\/strong><\/strong><\/p>\n<\/div><\/div>\n\n\n\n<p>Am 01.01.2024 trat die angepasste kantonale Hundegesetzgebung (HHG) in Kraft. <strong>Jeder <\/strong>neu gehaltene Hund muss einer praktischen Beurteilung der F\u00fchrbarkeit unterzogen werden.<br>Der Erziehungs- \/ Vorbereitungskurs bereitet Dich und Deinen Hund auf die \u00ab<a href=\"https:\/\/www.fr.ch\/de\/ilfd\/lsvw\/anschaffung-eines-neuen-hundes\" data-type=\"link\" data-id=\"https:\/\/www.fr.ch\/de\/ilfd\/lsvw\/anschaffung-eines-neuen-hundes\">praktische Beurteilung der F\u00fchrbarkeit<\/a>\u00bb des Kanton Fribourgs vor. <br><strong>Pr\u00fcfungsdaten Praxis 2026:<\/strong> Samstag 21.03.2026 und Samstag 17.10.2026<br><strong>Pr\u00fcfungsplatz Praxis:<\/strong> Waldegg<br><a href=\"https:\/\/www.kv-duedingen.ch\/web\/wp-content\/uploads\/2025\/11\/AnmeldungTest_KantonFribourg.pdf\" target=\"_blank\" rel=\"noreferrer noopener\">Anmeldung<\/a> zur praktischen Beurteilung der F\u00fchrbarkeit im Kanton Fribourg<br><br><strong>Erster Hund<\/strong> <br>Sollte es sich um Deinen ersten Hund handeln oder hattest Du mehr als 10 Jahre keinen eigenen Hund mehr, musst Du mit dem&nbsp;<a href=\"https:\/\/www.fr.ch\/de\/alltag\/heimtiere\/neue-hundehalterin-oder-neuer-hundehalter\" target=\"_blank\" rel=\"noreferrer noopener\">Theoriekurs<\/a>&nbsp;beginnen, bevor Du Dir einen Hund halten kannst.<br><strong>Theoriekurs f\u00fcr Neuhundehalter: <\/strong><br>Theoriekurse 2 x ca. 3 Stunden jederzeit auf Anfrage &#8211; findet Online statt.<br>N\u00e4chster Termin:<br>Freitag 29.05.2026 und  Montag 01.06.2026 jeweils 18:00 &#8211; ca. 21:00 Uhr<br>Montag 22.06.2026 und Freitag 26.06.2026 jewils 18:00 &#8211; ca. 21:00 Uhr<br><strong>Kontakt:<\/strong> Andrea Zeller; 078 896 87 97 oder <a href=\"mailto:kvduedingen.andrea.zeller@gmail.com\" target=\"_blank\" rel=\"noreferrer noopener\">kvduedingen.andrea.zeller@gmail.com<\/a><\/p>\n\n\n\n<hr class=\"wp-block-separator has-alpha-channel-opacity is-style-wide\"\/>\n\n\n\n<div class=\"wp-block-media-text alignwide has-media-on-the-right is-stacked-on-mobile is-vertically-aligned-top\"><div class=\"wp-block-media-text__content\">\n<p class=\"has-light-gray-color has-blue-background-color has-text-color has-background\"><strong>Welpen \/ Junghunde<\/strong><br>(Anfragen werden laufend angenommen)<\/p>\n<\/div><figure class=\"wp-block-media-text__media\"><img loading=\"lazy\" decoding=\"async\" width=\"644\" height=\"484\" src=\"https:\/\/www.kv-duedingen.ch\/web\/wp-content\/uploads\/2023\/05\/Welpen1-2.jpg\" alt=\"\" class=\"wp-image-3492 size-full\" srcset=\"https:\/\/www.kv-duedingen.ch\/web\/wp-content\/uploads\/2023\/05\/Welpen1-2.jpg 644w, https:\/\/www.kv-duedingen.ch\/web\/wp-content\/uploads\/2023\/05\/Welpen1-2-300x225.jpg 300w, https:\/\/www.kv-duedingen.ch\/web\/wp-content\/uploads\/2023\/05\/Welpen1-2-150x113.jpg 150w\" sizes=\"auto, (max-width: 644px) 100vw, 644px\" \/><\/figure><\/div>\n\n\n\n<p>Dein Welpe wird in der Welpenstunde auf sein zuk\u00fcnftiges Leben vorbereitet, um so ein sicherer und gut sozialisierter Hund zu werden. Als Welpe befindet sich Dein Hund in einer wichtigen Lernphase. In dieser wichtigen Zeit wird der Grundstein f\u00fcr das gesamte kommende Leben gelegt und das sollte verantwortungsvoll und sorgf\u00e4ltig geschehen.&nbsp;<br><strong>Termine:<\/strong> laufend am Freitag, 18.15 &#8211; 19.15 Uhr <br><strong>Trainingsplatz:<\/strong> Waldegg<br><strong>Leitung: <\/strong> Carine Spicher <br><strong>Kontakt:<\/strong> Carine Spicher; 079 748 71 00<br><strong>Preis:<\/strong> Nicht-Mitglieder CHF 25.-\/Stunde<br> Mitglieder zahlen pro 10 Lektionen CHF 50.- (Welpen- und Junghundekurse)<br><br><strong>JUNGHUNDEKURSE<\/strong> (werden zusammen mit den Welpen durchgef\u00fchrt)<br>Eine Weiterf\u00fchrung der Welpenstunden ist das Ziel. Jedes Team wird individuell gef\u00f6rdert und begleitet. Alltagssicherheit und gegenseitiges Vertrauen stehen bei uns an erster Stelle.<br>Die Hunde werden altersdurchmischt in dieser Gruppe trainiert.<br><strong>Termin:<\/strong> laufend zusammen mit der Welpenstunde, jeweils Freitag, 18.15 &#8211; 19.15 Uhr <br><strong>Trainingsplatz:<\/strong> Waldegg<br><strong>Leitung: <\/strong> Carine Spicher <br><strong>Kontakt:<\/strong> Carine Spicher; 079 748 71 00<br><strong>Preis:<\/strong> Nicht-Mitglieder CHF 25.-\/Stunde<br> Mitglieder zahlen pro 10 Lektionen CHF 50.- (Welpen- und Junghundekurse)<\/p>\n\n\n\n<hr class=\"wp-block-separator has-alpha-channel-opacity is-style-wide\"\/>\n\n\n\n<div class=\"wp-block-media-text alignwide is-stacked-on-mobile is-vertically-aligned-top\" style=\"grid-template-columns:44% auto\"><figure class=\"wp-block-media-text__media\"><img loading=\"lazy\" decoding=\"async\" width=\"416\" height=\"405\" src=\"https:\/\/www.kv-duedingen.ch\/web\/wp-content\/uploads\/2016\/02\/erzkurs.gif\" alt=\"\" class=\"wp-image-990 size-full\"\/><\/figure><div class=\"wp-block-media-text__content\">\n<p class=\"has-light-gray-color has-blue-background-color has-text-color has-background\"><strong>Erziehungs- \/ Vorbereitungskurse<\/strong><br>(Anmeldungen werden laufend angenommen)<\/p>\n\n\n\n<p><\/p>\n<\/div><\/div>\n\n\n\n<p>Im Erziehungskurs\/Vorbereitungskurs lernt Dein Hund in Anwesenheit von anderen Hunden und Menschen gelassen zu bleiben, zu kommen wenn er gerufen wird und gesittet an der Leine zu laufen. Durch verschiedene \u00dcbungen st\u00e4rken wir das Vertrauen und dadurch wiederum die Bindung. Ziel dieses Kurses ist, Dich und Deinen Hund auf die \u00abpraktischen Beurteilung der F\u00fchrbarkeit\u00bb des Kanton Fribourgs vorzubereiten. Aber auch ohne Pr\u00fcfungspflicht, darfst du gerne am Kurs teilnehmen. Fehlstunden werden nicht r\u00fcckverg\u00fctet.<br><\/p>\n\n\n\n<p><strong>Termine jeweils Freitag von 17-18 Uhr:<\/strong> <br>Kurs 1: 09.01.2026 &#8211; 27.02.2026 <br>Kurs 2: 20.03.2026 &#8211; 29.05.2026 (ohne 03.04.2026 und 24.04.2026 und 15.05.2026) <br>Kurs 3: 18.09.2026 \u2013 06.11.2026 <br><br><strong><a href=\"https:\/\/www.kv-duedingen.ch\/web\/wp-content\/uploads\/2025\/11\/AnmeldungErziehungskurs_2026.pdf\" target=\"_blank\" rel=\"noreferrer noopener\">Anmeldeformular<\/a> <\/strong>f\u00fcr die oben erw\u00e4hnten Kurse<br><strong><strong>Trainingsplatz:<\/strong> <\/strong>Waldegg <br><strong>Leitung und Kontakt: <\/strong>Melanie Hall, 078 812 34 84 oder <a href=\"mailto:melanie@kv-duedingen.ch\" target=\"_blank\" rel=\"noreferrer noopener\">melanie@kv-duedingen.ch<\/a><br><strong>Preis:<\/strong> f\u00fcr Nicht-Mitglieder; CHF 200.-\/Kurs (8 Lektionen); Mitglieder zahlen CHF 50.-<\/p>\n\n\n\n<hr class=\"wp-block-separator has-alpha-channel-opacity is-style-wide\"\/>\n\n\n\n<div class=\"wp-block-media-text alignwide has-media-on-the-right is-stacked-on-mobile is-vertically-aligned-top\"><div class=\"wp-block-media-text__content\">\n<p class=\"has-light-gray-color has-blue-background-color has-text-color has-background\"><strong>Jugend &amp; Hund (JuHu)<br><\/strong>(es hat freie Pl\u00e4tze)<\/p>\n<\/div><figure class=\"wp-block-media-text__media\"><img loading=\"lazy\" decoding=\"async\" width=\"1024\" height=\"682\" src=\"https:\/\/www.kv-duedingen.ch\/web\/wp-content\/uploads\/2022\/12\/Rawkingphoto___DSC1391-1024x682.jpg\" alt=\"\" class=\"wp-image-2981 size-full\" srcset=\"https:\/\/www.kv-duedingen.ch\/web\/wp-content\/uploads\/2022\/12\/Rawkingphoto___DSC1391-1024x682.jpg 1024w, https:\/\/www.kv-duedingen.ch\/web\/wp-content\/uploads\/2022\/12\/Rawkingphoto___DSC1391-300x200.jpg 300w, https:\/\/www.kv-duedingen.ch\/web\/wp-content\/uploads\/2022\/12\/Rawkingphoto___DSC1391-150x100.jpg 150w, https:\/\/www.kv-duedingen.ch\/web\/wp-content\/uploads\/2022\/12\/Rawkingphoto___DSC1391-768x511.jpg 768w, https:\/\/www.kv-duedingen.ch\/web\/wp-content\/uploads\/2022\/12\/Rawkingphoto___DSC1391-1536x1022.jpg 1536w, https:\/\/www.kv-duedingen.ch\/web\/wp-content\/uploads\/2022\/12\/Rawkingphoto___DSC1391-2048x1363.jpg 2048w\" sizes=\"auto, (max-width: 1024px) 100vw, 1024px\" \/><\/figure><\/div>\n\n\n\n<p>Ziel des JuHu&#8217;s ist es Kindern von 8-18 Jahren f\u00fcr den artgerechten Umgang mit ihrem Hund zu sensibilisieren; ihnen spannende, abwechslungsreiche Stunden zu bieten. Im Vordergrund stehen dabei stets die Freude und der Plausch.<br><strong>Bedingung:<\/strong> Das Kind muss den Hund in jedem Fall kr\u00e4ftem\u00e4ssig halten k\u00f6nnen und der Hund muss gegen\u00fcber Menschen und Hunden gut sozialisiert sein.<br><strong>Termine<\/strong>: Samstag von 10.00 &#8211; 11.00 Uhr \/ <a href=\"https:\/\/www.kv-duedingen.ch\/web\/wp-content\/uploads\/2025\/11\/JuHu-Kalender-2026.pdf\" target=\"_blank\" rel=\"noreferrer noopener\">Kalender 2026<\/a><br><strong>Trainingsplatz:<\/strong> Toggeliloch<br><strong>Leitung:<\/strong> Rebecca Gurzeler, Sim Guillebeau und Andrea Zeller<br><strong>Kontakt:<\/strong> Andrea Zeller; 078 896 87 97 oder <a href=\"mailto:kvduedingen.andrea.zeller@gmail.com\" target=\"_blank\" rel=\"noreferrer noopener\">kvduedingen.andrea.zeller@gmail.com<\/a><\/p>\n\n\n\n<hr class=\"wp-block-separator has-alpha-channel-opacity is-style-wide\"\/>\n\n\n\n<div class=\"wp-block-media-text alignwide is-stacked-on-mobile is-vertically-aligned-top\"><figure class=\"wp-block-media-text__media\"><img loading=\"lazy\" decoding=\"async\" width=\"778\" height=\"583\" src=\"https:\/\/www.kv-duedingen.ch\/web\/wp-content\/uploads\/2023\/05\/IMG_8138-3.jpg\" alt=\"\" class=\"wp-image-3490 size-full\" srcset=\"https:\/\/www.kv-duedingen.ch\/web\/wp-content\/uploads\/2023\/05\/IMG_8138-3.jpg 778w, https:\/\/www.kv-duedingen.ch\/web\/wp-content\/uploads\/2023\/05\/IMG_8138-3-300x225.jpg 300w, https:\/\/www.kv-duedingen.ch\/web\/wp-content\/uploads\/2023\/05\/IMG_8138-3-150x112.jpg 150w, https:\/\/www.kv-duedingen.ch\/web\/wp-content\/uploads\/2023\/05\/IMG_8138-3-768x576.jpg 768w\" sizes=\"auto, (max-width: 778px) 100vw, 778px\" \/><\/figure><div class=\"wp-block-media-text__content\">\n<p class=\"has-light-gray-color has-blue-background-color has-text-color has-background\"><strong>Hobbygruppe 1 Freitag <\/strong> (freie Pl\u00e4tze auf Anfrage)<\/p>\n\n\n\n<p class=\"has-light-gray-color has-blue-background-color has-text-color has-background\"><strong>Hobbygruppe 2 Mittwoch <\/strong> (freie Pl\u00e4tze auf Anfrage)<\/p>\n\n\n\n<p><\/p>\n<\/div><\/div>\n\n\n\n<p class=\"has-black-color has-text-color\">Mit den Hobbygruppen schaffen wir die M\u00f6glichkeit die Hunde, ohne jeglichen Pr\u00fcfungsdruck, zu erziehen. Sei dies mit allgemeinen Gehorsams\u00fcbungen, \u00dcbungen zur Vertiefung der Hund-Mensch-Beziehung. Alltagssituationen werden spielerisch erarbeitet, auch einfache Hindernis\u00fcbungen k\u00f6nnen zur Anwendung kommen. Dabei soll der Spass mit Zwei- und Vierbeinern nicht zu kurz kommen.<br><strong>GRUPPE 1a und 1b &#8211; CARINE: <\/strong><br><strong>Termine:<\/strong> <br>Gruppe 1a Freitag von 09.00 &#8211; 09.50 Uhr (keine freien Pl\u00e4tze)<br>Gruppe 1b Freitag von 10.00 &#8211; 10.50 Uhr<br> <a href=\"https:\/\/www.kv-duedingen.ch\/web\/wp-content\/uploads\/2025\/02\/Hobbygruppe_Freitag_2025.pdf\" target=\"_blank\" rel=\"noreferrer noopener\">Hobbygruppen 1a + 1b &#8211; Kalender 2025<\/a><br><strong>Leitung und Kontakt:<\/strong> Carine Spicher; 079 748 71 00<br><br><strong>GRUPPE 2 &#8211; MELANIE:<\/strong><br><strong>Termine:<\/strong> <br>Mittwoch von 16.30 &#8211; 17.30 Uhr <br><a href=\"https:\/\/www.kv-duedingen.ch\/web\/wp-content\/uploads\/2025\/11\/Termine_Hobbygruppe_Mittwoch_2026.pdf\" target=\"_blank\" rel=\"noreferrer noopener\">Hobbygruppen Mittwoch &#8211; Kalender 2026<\/a><br><strong>Leitung und Kontakt:<\/strong> Melanie Hall; 078 812 34 84 oder <a href=\"mailto:melanie@kv-duedingen.ch\" target=\"_blank\" rel=\"noreferrer noopener\">melanie@kv-duedingen.ch<\/a><br><br><strong>Trainingsplatz der Gruppen:<\/strong> Waldegg<\/p>\n\n\n\n<hr class=\"wp-block-separator has-alpha-channel-opacity is-style-wide\"\/>\n\n\n\n<div class=\"wp-block-media-text alignwide has-media-on-the-right is-stacked-on-mobile is-vertically-aligned-top\"><div class=\"wp-block-media-text__content\">\n<p class=\"has-light-gray-color has-blue-background-color has-text-color has-background\"><mark style=\"background-color:rgba(0, 0, 0, 0)\" class=\"has-inline-color has-white-color\"><strong>Alltagsgruppe<\/strong><\/mark><br><\/p>\n<\/div><figure class=\"wp-block-media-text__media\"><img loading=\"lazy\" decoding=\"async\" width=\"1024\" height=\"682\" src=\"https:\/\/www.kv-duedingen.ch\/web\/wp-content\/uploads\/2022\/01\/Rawkingphoto___DSC1284-1-1024x682.jpg\" alt=\"\" class=\"wp-image-2787 size-full\" srcset=\"https:\/\/www.kv-duedingen.ch\/web\/wp-content\/uploads\/2022\/01\/Rawkingphoto___DSC1284-1-1024x682.jpg 1024w, https:\/\/www.kv-duedingen.ch\/web\/wp-content\/uploads\/2022\/01\/Rawkingphoto___DSC1284-1-300x200.jpg 300w, https:\/\/www.kv-duedingen.ch\/web\/wp-content\/uploads\/2022\/01\/Rawkingphoto___DSC1284-1-150x100.jpg 150w, https:\/\/www.kv-duedingen.ch\/web\/wp-content\/uploads\/2022\/01\/Rawkingphoto___DSC1284-1-768x511.jpg 768w, https:\/\/www.kv-duedingen.ch\/web\/wp-content\/uploads\/2022\/01\/Rawkingphoto___DSC1284-1-1536x1022.jpg 1536w, https:\/\/www.kv-duedingen.ch\/web\/wp-content\/uploads\/2022\/01\/Rawkingphoto___DSC1284-1-2048x1363.jpg 2048w\" sizes=\"auto, (max-width: 1024px) 100vw, 1024px\" \/><\/figure><\/div>\n\n\n\n<p>In dieser Gruppe sind alle Hunde, ob gross oder klein willkommen. Ziel dieser Gruppe sind <strong>Arbeitsfreude<\/strong>, <strong>Konzentration<\/strong>&nbsp;und eine&nbsp;<strong>gute F\u00fchrigkeit<\/strong>. Du  m\u00f6chtest etwas genauer mit Deinem Hund arbeiten, dann bist Du in dieser Gruppe genau richtig. <br><strong>Termine<\/strong><em>: <\/em><br>14-t\u00e4glich Donnerstag jeweils ab 19.30 Uhr gem\u00e4ss <a href=\"https:\/\/www.kv-duedingen.ch\/web\/wp-content\/uploads\/2024\/12\/KVD-Alltagsgruppe-2025.pdf\" data-type=\"attachment\" data-id=\"4148\" target=\"_blank\" rel=\"noreferrer noopener\">Termine Alltagsgruppe 2025<\/a><br><strong>Trainingsplatz:<\/strong> Waldegg<br><strong>Leitung und Kontakte:<\/strong> Melanie Hall; 078 812 34 84 oder <a rel=\"noreferrer noopener\" href=\"mailto:melanie@kv-duedingen.ch\" target=\"_blank\">melanie@kv-duedingen.ch<\/a> <\/p>\n\n\n\n<hr class=\"wp-block-separator has-alpha-channel-opacity is-style-wide\"\/>\n\n\n\n<div class=\"wp-block-media-text alignwide is-stacked-on-mobile is-vertically-aligned-top\"><figure class=\"wp-block-media-text__media\"><img loading=\"lazy\" decoding=\"async\" width=\"1024\" height=\"682\" src=\"https:\/\/www.kv-duedingen.ch\/web\/wp-content\/uploads\/2022\/01\/Rawkingphoto___DSC1128-1-1024x682.jpg\" alt=\"\" class=\"wp-image-2779 size-medium\" srcset=\"https:\/\/www.kv-duedingen.ch\/web\/wp-content\/uploads\/2022\/01\/Rawkingphoto___DSC1128-1-1024x682.jpg 1024w, https:\/\/www.kv-duedingen.ch\/web\/wp-content\/uploads\/2022\/01\/Rawkingphoto___DSC1128-1-300x200.jpg 300w, https:\/\/www.kv-duedingen.ch\/web\/wp-content\/uploads\/2022\/01\/Rawkingphoto___DSC1128-1-150x100.jpg 150w, https:\/\/www.kv-duedingen.ch\/web\/wp-content\/uploads\/2022\/01\/Rawkingphoto___DSC1128-1-768x511.jpg 768w, https:\/\/www.kv-duedingen.ch\/web\/wp-content\/uploads\/2022\/01\/Rawkingphoto___DSC1128-1-1536x1022.jpg 1536w, https:\/\/www.kv-duedingen.ch\/web\/wp-content\/uploads\/2022\/01\/Rawkingphoto___DSC1128-1-2048x1363.jpg 2048w\" sizes=\"auto, (max-width: 1024px) 100vw, 1024px\" \/><\/figure><div class=\"wp-block-media-text__content\">\n<p class=\"has-light-gray-color has-blue-background-color has-text-color has-background\"><strong>Agility-Gruppen<\/strong><br>(freie Pl\u00e4tze auf Anfrage)<\/p>\n<\/div><\/div>\n\n\n\n<p><strong>AGILITY &#8211; Diverse Level (Aufbau, Plausch, Wettkampf)<\/strong><br>Agility ist mehr als nur Hundesport. Freizeitsport f\u00fcr Hund und Mensch zugleich. Agility ist ein Lauf \u00fcber Hindernisse f\u00fcr den Hund, gef\u00fchrt von seinem Menschen, den es auf Zeit fehlerfrei zu \u00fcberwinden gilt. &#x1f60a; <br><br><strong>Aufbau<\/strong>: Montag von 17.00 &#8211; 18.15 Uhr <br> <a href=\"https:\/\/www.kv-duedingen.ch\/web\/wp-content\/uploads\/2025\/11\/KVD-Agility-Aufbaukurs_2026.docx\" target=\"_blank\" rel=\"noreferrer noopener\">Anmeldung KVD Agility Aufbaukurs<\/a><br>Preis Aufbaukurs: <br> f\u00fcr Nicht-Mitglieder CHF 300.-\/Kurs (12 Lektionen) <br>Mitglieder zahlen CHF 50.-<br><br><strong>Wettkampf<\/strong>: Montag von 18.30 &#8211; 19.45 Uhr<br><a href=\"https:\/\/www.kv-duedingen.ch\/web\/wp-content\/uploads\/2025\/11\/KVD-Agility-Wettkampfniveau_2026.docx\" target=\"_blank\" rel=\"noreferrer noopener\">Anmeldung KVD Agility Wettkampfniveau<\/a><br><br><a href=\"https:\/\/www.kv-duedingen.ch\/web\/wp-content\/uploads\/2025\/11\/KVD-Agility-Mo-2026.pdf\" data-type=\"link\" data-id=\"https:\/\/www.kv-duedingen.ch\/web\/wp-content\/uploads\/2024\/10\/KVD-Mo-Agility-2025.pdf\" target=\"_blank\" rel=\"noreferrer noopener\">Termine Agility Aufbau und Wettkampf 2026<\/a> <br><br><strong>Plauschgruppen<\/strong><br>Dienstag von 18.30 &#8211; 20.00 Uhr <a href=\"https:\/\/www.kv-duedingen.ch\/web\/wp-content\/uploads\/2026\/02\/Agility-Dienstag-2026.pdf\" data-type=\"link\" data-id=\"https:\/\/www.kv-duedingen.ch\/web\/wp-content\/uploads\/2026\/02\/Agility-Dienstag-2026.pdf\" target=\"_blank\" rel=\"noreferrer noopener\">Termine Agility Plauschgruppe Dienstag 2026<\/a><br>Mittwoch von 19:30 &#8211; 20.30 Uhr <a href=\"https:\/\/www.kv-duedingen.ch\/web\/wp-content\/uploads\/2025\/11\/Agility-Mittwoch-Trainingsplan-2026.pdf\" data-type=\"link\" data-id=\"https:\/\/www.kv-duedingen.ch\/web\/wp-content\/uploads\/2025\/11\/Agility-Mittwoch-Trainingsplan-2026.pdf\" target=\"_blank\" rel=\"noreferrer noopener\">Termine Agility Plauschgruppe Mittwoch 2026<\/a><br>Donnerstag von 18.15 &#8211; 19.15 Uhr <a href=\"https:\/\/www.kv-duedingen.ch\/web\/wp-content\/uploads\/2025\/11\/Termine_Agility_Donnerstag_2026.pdf\" data-type=\"attachment\" data-id=\"4147\" target=\"_blank\" rel=\"noreferrer noopener\">Termine Agility Plauschgruppe Donnerstag 2026<\/a><br><br><strong>Trainingsplatz:<\/strong> Waldegg<br><br><strong>Leitung und Kontakte:<\/strong><br>Aufbau und Wettkampf (Montag): Elisabeth Aebi <a href=\"mailto:aebi.elisabeth@outlook.com\" target=\"_blank\" rel=\"noreferrer noopener\">aebi.elisabeth@outlook.com<\/a><br>Plauschgruppe Dienstag: Nadia Aebischer <a href=\"mailto:nadia.lauper@bluewin.ch\" target=\"_blank\" rel=\"noreferrer noopener\">nadia.lauper@bluewin.ch<\/a><br>Plauschgruppe Mittwoch Daniel Wenger 079 602 03 58<br>Plauschgruppe Donnerstag: Corinne Gander <a href=\"mailto:corinnegasser82@gmail.com\" target=\"_blank\" rel=\"noreferrer noopener\">corinnegasser82@gmail.com<\/a><\/p>\n\n\n\n<hr class=\"wp-block-separator has-alpha-channel-opacity is-style-wide\"\/>\n\n\n\n<div class=\"wp-block-media-text alignwide has-media-on-the-right is-stacked-on-mobile is-vertically-aligned-top\"><div class=\"wp-block-media-text__content\">\n<p class=\"has-white-color has-blue-background-color has-text-color has-background\">DogCross<br><\/p>\n<\/div><figure class=\"wp-block-media-text__media\"><img loading=\"lazy\" decoding=\"async\" width=\"1024\" height=\"681\" src=\"https:\/\/www.kv-duedingen.ch\/web\/wp-content\/uploads\/2022\/01\/JUHU-16-1024x681.jpg\" alt=\"\" class=\"wp-image-2758 size-medium\" srcset=\"https:\/\/www.kv-duedingen.ch\/web\/wp-content\/uploads\/2022\/01\/JUHU-16-1024x681.jpg 1024w, https:\/\/www.kv-duedingen.ch\/web\/wp-content\/uploads\/2022\/01\/JUHU-16-300x199.jpg 300w, https:\/\/www.kv-duedingen.ch\/web\/wp-content\/uploads\/2022\/01\/JUHU-16-150x100.jpg 150w, https:\/\/www.kv-duedingen.ch\/web\/wp-content\/uploads\/2022\/01\/JUHU-16-768x511.jpg 768w, https:\/\/www.kv-duedingen.ch\/web\/wp-content\/uploads\/2022\/01\/JUHU-16-1536x1021.jpg 1536w, https:\/\/www.kv-duedingen.ch\/web\/wp-content\/uploads\/2022\/01\/JUHU-16-2048x1361.jpg 2048w\" sizes=\"auto, (max-width: 1024px) 100vw, 1024px\" \/><\/figure><\/div>\n\n\n\n<p class=\"has-black-color has-text-color\">\u00abDogCross\u00bb ist ein abwechslungsreicher Hindernis-Parcours mit Elementen aus dem Agility, dem Longieren und dem HoopAgi. Der Hund umrundet halbe und ganze Kreise; durchquert Tunnels und Gassen, \u00fcberspringt Milchflaschen- und andere ungew\u00f6hnliche Spr\u00fcnge etc. farbenfroh, abwechslungsreich und mit viel Bewegung \u2013 DogCross macht einfach Spass &#x1f60a; <br>Das Training ist auch f\u00fcr alte Hunde geeignet.<br><strong>Termine:<\/strong> <a href=\"https:\/\/www.kv-duedingen.ch\/web\/wp-content\/uploads\/2025\/11\/DogCross-Kalender-2026.pdf\" target=\"_blank\" rel=\"noreferrer noopener\">Kalender 2026<\/a><br><strong>Trainingsplatz:<\/strong> Toggliloch<br><strong>Leitung und Kontakt: <\/strong>Andrea Zeller; 078 896 87 97 oder <a href=\"mailto:kvduedingen.andrea.zeller@gmail.com\" target=\"_blank\" rel=\"noreferrer noopener\"><\/a><a href=\"mailto:kvduedingen.andrea.zeller@gmail.com\" target=\"_blank\" rel=\"noreferrer noopener\">kvduedingen.andrea.zeller@gmail.com<\/a><\/p>\n\n\n\n<hr class=\"wp-block-separator has-alpha-channel-opacity is-style-wide\"\/>\n\n\n\n<div class=\"wp-block-media-text is-stacked-on-mobile\"><figure class=\"wp-block-media-text__media\"><img loading=\"lazy\" decoding=\"async\" width=\"936\" height=\"1024\" src=\"https:\/\/www.kv-duedingen.ch\/web\/wp-content\/uploads\/2025\/11\/Hoopers-936x1024.jpg\" alt=\"\" class=\"wp-image-4305 size-full\" srcset=\"https:\/\/www.kv-duedingen.ch\/web\/wp-content\/uploads\/2025\/11\/Hoopers-936x1024.jpg 936w, https:\/\/www.kv-duedingen.ch\/web\/wp-content\/uploads\/2025\/11\/Hoopers-274x300.jpg 274w, https:\/\/www.kv-duedingen.ch\/web\/wp-content\/uploads\/2025\/11\/Hoopers-137x150.jpg 137w, https:\/\/www.kv-duedingen.ch\/web\/wp-content\/uploads\/2025\/11\/Hoopers-768x840.jpg 768w, https:\/\/www.kv-duedingen.ch\/web\/wp-content\/uploads\/2025\/11\/Hoopers.jpg 1204w\" sizes=\"auto, (max-width: 936px) 100vw, 936px\" \/><\/figure><div class=\"wp-block-media-text__content\">\n<p class=\"has-white-color has-blue-background-color has-text-color has-background\">Hoopers Agility<\/p>\n<\/div><\/div>\n\n\n\n<p>Hoopers ist eine Hundesportart, bei der der Hund einen Parcours aus B\u00f6gen (Hoops), Tunneln, Gates und Tonnen durchl\u00e4uft. Im Gegensatz zu klassischem Agility gibt es keine Spr\u00fcnge, und der Hund wird aus der Distanz vom Hundef\u00fchrer mit K\u00f6rpersprache, H\u00f6r- und Sichtzeichen gef\u00fchrt. Die Sportart f\u00f6rdert die Konzentration und die harmonische Zusammenarbeit zwischen Mensch und Hund und ist besonders gelenkschonend, weshalb sie sich auch f\u00fcr \u00e4ltere Hunde oder Hunde mit k\u00f6rperlichen Einschr\u00e4nkungen eignet.&nbsp;<br><strong>Anmeldung:<\/strong> <a href=\"https:\/\/www.kv-duedingen.ch\/web\/wp-content\/uploads\/2025\/11\/Anmeldeform.-Hoopers.pdf\" data-type=\"attachment\" data-id=\"4300\" target=\"_blank\" rel=\"noreferrer noopener\">Anmeldeformular Hoopers 2026<\/a><br><strong>Termine:<\/strong> <a href=\"https:\/\/www.kv-duedingen.ch\/web\/wp-content\/uploads\/2025\/11\/Agility-Mittwoch-Trainingsplan-2026.pdf\" data-type=\"attachment\" data-id=\"4301\">Kalender 2026<\/a><br><strong>Trainingsplatz:<\/strong> Waldegg<br><strong>Leitung und Kontakt: <\/strong>Daniel Wenger 079 602 03 58<\/p>\n","protected":false},"excerpt":{"rendered":"<p>Hunde-Obligatorium Kanton Fribourg Am 01.01.2024 trat die angepasste kantonale Hundegesetzgebung (HHG) in Kraft. Jeder neu gehaltene Hund muss einer praktischen Beurteilung der F\u00fchrbarkeit unterzogen werden.Der Erziehungs- \/ Vorbereitungskurs bereitet Dich und Deinen Hund auf die \u00abpraktische Beurteilung der F\u00fchrbarkeit\u00bb des &hellip; <a href=\"https:\/\/www.kv-duedingen.ch\/web\/gruppen\/\">Weiterlesen <span class=\"meta-nav\">&rarr;<\/span><\/a><\/p>\n","protected":false},"author":237,"featured_media":0,"parent":0,"menu_order":2,"comment_status":"closed","ping_status":"closed","template":"","meta":{"footnotes":""},"class_list":["post-10","page","type-page","status-publish","hentry"],"_links":{"self":[{"href":"https:\/\/www.kv-duedingen.ch\/web\/wp-json\/wp\/v2\/pages\/10","targetHints":{"allow":["GET"]}}],"collection":[{"href":"https:\/\/www.kv-duedingen.ch\/web\/wp-json\/wp\/v2\/pages"}],"about":[{"href":"https:\/\/www.kv-duedingen.ch\/web\/wp-json\/wp\/v2\/types\/page"}],"author":[{"embeddable":true,"href":"https:\/\/www.kv-duedingen.ch\/web\/wp-json\/wp\/v2\/users\/237"}],"replies":[{"embeddable":true,"href":"https:\/\/www.kv-duedingen.ch\/web\/wp-json\/wp\/v2\/comments?post=10"}],"version-history":[{"count":576,"href":"https:\/\/www.kv-duedingen.ch\/web\/wp-json\/wp\/v2\/pages\/10\/revisions"}],"predecessor-version":[{"id":4334,"href":"https:\/\/www.kv-duedingen.ch\/web\/wp-json\/wp\/v2\/pages\/10\/revisions\/4334"}],"wp:attachment":[{"href":"https:\/\/www.kv-duedingen.ch\/web\/wp-json\/wp\/v2\/media?parent=10"}],"curies":[{"name":"wp","href":"https:\/\/api.w.org\/{rel}","templated":true}]}}